{"id":1081,"date":"2026-05-05T18:47:42","date_gmt":"2026-05-05T18:47:42","guid":{"rendered":"https:\/\/bolivia.mapbiomas.org\/?page_id=1081"},"modified":"2026-05-05T19:49:19","modified_gmt":"2026-05-05T19:49:19","slug":"2a-edicion-premio-mapbiomas-bolivia","status":"publish","type":"page","link":"https:\/\/bolivia.mapbiomas.org\/en\/2a-edicion-premio-mapbiomas-bolivia\/","title":{"rendered":"Segunda Edici\u00f3n Premio MapBiomas Bolivia"},"content":{"rendered":"<div class=\"wp-block-uagb-image aligncenter uagb-block-f3232681 wp-block-uagb-image--layout-default wp-block-uagb-image--effect-static wp-block-uagb-image--align-center\"><figure class=\"wp-block-uagb-image__figure\"><img decoding=\"async\" src=\"https:\/\/bolivia.mapbiomas.org\/wp-content\/uploads\/sites\/15\/2026\/05\/google-forms-1024x256.png\" alt=\"\" class=\"uag-image-1082\" width=\"1600\" height=\"400\" title=\"\" loading=\"lazy\" \/><\/figure><\/div>\n\n\n\n<div class=\"wp-block-uagb-separator uagb-block-2adf64b4\"><div class=\"wp-block-uagb-separator__inner\" style=\"--my-background-image:\"><\/div><\/div>\n\n\n\n<div class=\"wp-block-uagb-buttons uagb-buttons__outer-wrap uagb-btn__default-btn uagb-btn-tablet__default-btn uagb-btn-mobile__default-btn uagb-block-ec9eec6f\"><div class=\"uagb-buttons__wrap uagb-buttons-layout-wrap\">\n<div class=\"wp-block-uagb-buttons-child uagb-buttons__outer-wrap uagb-block-bc96df95 wp-block-button\"><div class=\"uagb-button__wrapper\"><a class=\"uagb-buttons-repeater wp-block-button__link\" href=\"https:\/\/bolivia.mapbiomas.org\/wp-content\/uploads\/sites\/15\/2026\/05\/1.-Bases_PremioMB_Bolivia_2026.docx.pdf\" rel=\"follow noopener\" target=\"_self\"><div class=\"uagb-button__link\">Bases del Premio<\/div><\/a><\/div><\/div>\n\n\n\n<div class=\"wp-block-uagb-buttons-child uagb-buttons__outer-wrap uagb-block-3a40daf0 wp-block-button\"><div class=\"uagb-button__wrapper\"><a class=\"uagb-buttons-repeater wp-block-button__link\" href=\"https:\/\/bolivia.mapbiomas.org\/wp-content\/uploads\/sites\/15\/2026\/05\/2_Preguntas-Frecuentes.docx.pdf\" rel=\"follow noopener\" target=\"_self\"><div class=\"uagb-button__link\">FAQ<\/div><\/a><\/div><\/div>\n\n\n\n<div class=\"wp-block-uagb-buttons-child uagb-buttons__outer-wrap uagb-block-9c888ae0 wp-block-button\"><div class=\"uagb-button__wrapper\"><a class=\"uagb-buttons-repeater wp-block-button__link\" href=\"https:\/\/forms.gle\/39dwMq92v1Cer6jF8\" rel=\"follow noopener\" target=\"_self\"><div class=\"uagb-button__link\">Formulario de Inscripci\u00f3n<\/div><\/a><\/div><\/div>\n<\/div><\/div>\n\n\n\n<div class=\"wp-block-uagb-separator uagb-block-1fb3178d\"><div class=\"wp-block-uagb-separator__inner\" style=\"--my-background-image:\"><\/div><\/div>\n\n\n\n<p>La segunda edici\u00f3n del Premio MapBiomas Bolivia es una iniciativa organizada por MapBiomas Bolivia. Su objetivo principal es fomentar, reconocer y difundir trabajos innovadores que utilicen los datos generados por MapBiomas para apoyar la conservaci\u00f3n de la naturaleza, el manejo sostenible de los recursos naturales y la lucha contra el cambio clim\u00e1tico.<\/p>\n\n\n\n<p><strong>La fecha l\u00edmite es hasta el 31 de agosto de 2026.<\/strong><\/p>\n\n\n\n<p>Te invitamos a consultar las bases y a postular tu trabajo<\/p>","protected":false},"excerpt":{"rendered":"<p>La segunda edici\u00f3n del Premio MapBiomas Bolivia es una iniciativa organizada por MapBiomas Bolivia. Su objetivo principal es fomentar, reconocer y difundir trabajos innovadores que utilicen los datos generados por MapBiomas para apoyar la conservaci\u00f3n de la naturaleza, el manejo sostenible de los recursos naturales y la lucha contra el cambio clim\u00e1tico. La fecha l\u00edmite [&hellip;]<\/p>","protected":false},"author":5,"featured_media":0,"parent":0,"menu_order":0,"comment_status":"closed","ping_status":"closed","template":"","meta":{"_uag_custom_page_level_css":""},"acf":[],"uagb_featured_image_src":{"full":false,"thumbnail":false,"medium":false,"medium_large":false,"large":false,"1536x1536":false,"2048x2048":false,"trp-custom-language-flag":false,"infographic":false,"team":false},"uagb_author_info":{"display_name":"mayramilkovic","author_link":"https:\/\/bolivia.mapbiomas.org\/en\/author\/mayramilkovic\/"},"uagb_comment_info":0,"uagb_excerpt":"La segunda edici\u00f3n del Premio MapBiomas Bolivia es una iniciativa organizada por MapBiomas Bolivia. Su objetivo principal es fomentar, reconocer y difundir trabajos innovadores que utilicen los datos generados por MapBiomas para apoyar la conservaci\u00f3n de la naturaleza, el manejo sostenible de los recursos naturales y la lucha contra el cambio clim\u00e1tico. La fecha l\u00edmite&hellip;","_links":{"self":[{"href":"https:\/\/bolivia.mapbiomas.org\/en\/wp-json\/wp\/v2\/pages\/1081"}],"collection":[{"href":"https:\/\/bolivia.mapbiomas.org\/en\/wp-json\/wp\/v2\/pages"}],"about":[{"href":"https:\/\/bolivia.mapbiomas.org\/en\/wp-json\/wp\/v2\/types\/page"}],"author":[{"embeddable":true,"href":"https:\/\/bolivia.mapbiomas.org\/en\/wp-json\/wp\/v2\/users\/5"}],"replies":[{"embeddable":true,"href":"https:\/\/bolivia.mapbiomas.org\/en\/wp-json\/wp\/v2\/comments?post=1081"}],"version-history":[{"count":4,"href":"https:\/\/bolivia.mapbiomas.org\/en\/wp-json\/wp\/v2\/pages\/1081\/revisions"}],"predecessor-version":[{"id":1103,"href":"https:\/\/bolivia.mapbiomas.org\/en\/wp-json\/wp\/v2\/pages\/1081\/revisions\/1103"}],"wp:attachment":[{"href":"https:\/\/bolivia.mapbiomas.org\/en\/wp-json\/wp\/v2\/media?parent=1081"}],"curies":[{"name":"wp","href":"https:\/\/api.w.org\/{rel}","templated":true}]}}