{"id":117,"date":"2023-08-02T16:48:37","date_gmt":"2023-08-02T16:48:37","guid":{"rendered":"https:\/\/staging-bolivia.mapbiomas.org\/?page_id=117"},"modified":"2025-07-23T14:28:35","modified_gmt":"2025-07-23T14:28:35","slug":"atbd-entienda-cada-etapa","status":"publish","type":"page","link":"https:\/\/bolivia.mapbiomas.org\/en\/atbd-entienda-cada-etapa\/","title":{"rendered":"ATBD - STEP BY STEP"},"content":{"rendered":"<h4 class=\"wp-block-heading has-text-align-center\"><strong>GET TO KNOW THE STEPS OF THE MAPBIOMAS BOLIVIA METHODOLOGY<\/strong><\/h4>\n\n\n\n<p>Here we detail step by step the methodology of MapBiomas Bolivia. For each class treated in the map, there are particularities and specific characteristics that can be consulted in detail in the . <strong>ATBD <\/strong>(Algorithm Theory Base Document).<\/p>\n\n\n\n<div style=\"height:33px\" aria-hidden=\"true\" class=\"wp-block-spacer\"><\/div>\n\n\n\n<p class=\"has-text-align-center\"><a href=\"https:\/\/bolivia.mapbiomas.org\/en\/acceda-a-los-atdbs\/\" data-type=\"URL\">Access full methodology - ATBD<\/a><\/p>\n\n\n\n<div style=\"height:33px\" aria-hidden=\"true\" class=\"wp-block-spacer\"><\/div>\n\n\n\n<p><\/p>\n\n\n\n<figure class=\"wp-block-image size-full\"><img decoding=\"async\" loading=\"lazy\" width=\"960\" height=\"540\" src=\"https:\/\/bolivia.mapbiomas.org\/wp-content\/uploads\/sites\/15\/2024\/07\/1.png\" alt=\"\" class=\"wp-image-542\" srcset=\"https:\/\/bolivia.mapbiomas.org\/wp-content\/uploads\/sites\/15\/2024\/07\/1.png 960w, https:\/\/bolivia.mapbiomas.org\/wp-content\/uploads\/sites\/15\/2024\/07\/1-300x169.png 300w, https:\/\/bolivia.mapbiomas.org\/wp-content\/uploads\/sites\/15\/2024\/07\/1-768x432.png 768w, https:\/\/bolivia.mapbiomas.org\/wp-content\/uploads\/sites\/15\/2024\/07\/1-18x10.png 18w\" sizes=\"(max-width: 960px) 100vw, 960px\" \/><\/figure>\n\n\n\n<div style=\"height:33px\" aria-hidden=\"true\" class=\"wp-block-spacer\"><\/div>\n\n\n\n<p>Todo comienza con im\u00e1genes del sat\u00e9lite Landsat, con resoluci\u00f3n de 30 metros, disponibles de forma gratuita en la plataforma Google Earth Engine y con una serie temporal de 40 a\u00f1os. Se construyeron 5.720 mosaicos en todo el l\u00edmite nacional, cada uno con decenas de millones de p\u00edxeles en total. Estos p\u00edxeles son las unidades de trabajo de MapBiomas. Las im\u00e1genes pueden contener nubes, bruma y otras condiciones que pueden afectar su calidad. Para producir una imagen limpia se seleccionan los p\u00edxeles despejados de las im\u00e1genes disponibles para el per\u00edodo seleccionado. Para cada uno de estos p\u00edxeles se extraen m\u00e9tricas que explican el comportamiento del p\u00edxel en ese a\u00f1o. Esto se hace con cada una de las 7 bandas espectrales del sat\u00e9lite, as\u00ed como con las fracciones e \u00edndices espectrales calculados. Por ejemplo, para la Banda 1 se recoge la mediana de los valores de la banda en el per\u00edodo, el valor m\u00e1ximo, el valor m\u00ednimo en el a\u00f1o y la amplitud de variaci\u00f3n. Al final, cada p\u00edxel durante un a\u00f1o lleva hasta 156 capas de informaci\u00f3n.<\/p>\n\n\n\n<div style=\"height:33px\" aria-hidden=\"true\" class=\"wp-block-spacer\"><\/div>\n\n\n\n<figure class=\"wp-block-image size-large\"><img decoding=\"async\" src=\"https:\/\/bolivia.mapbiomas.org\/wp-content\/uploads\/sites\/15\/2025\/07\/3.2.2-Mosaico-40-anos.png\" alt=\"\" \/><\/figure>\n\n\n\n<div style=\"height:33px\" aria-hidden=\"true\" class=\"wp-block-spacer\"><\/div>\n\n\n\n<p>For each year, a mosaic covering the entire country is created, representing the behavior of each pixel through 156 metrics or layers of information. This set of mosaics is saved as a data collection within the Google Earth Engine platform. These mosaics are used in two main ways. First, as a source of parameters for the algorithm to classify the images (see next step). This mosaic is also used to generate the RGB composition that allows visualizing the background image on the MapBiomas platform. This composition is also used to collect training samples and evaluate accuracy through visual interpretation.<\/p>\n\n\n\n<div style=\"height:33px\" aria-hidden=\"true\" class=\"wp-block-spacer\"><\/div>\n\n\n\n<figure class=\"wp-block-image size-large\"><img decoding=\"async\" src=\"https:\/\/bolivia.mapbiomas.org\/wp-content\/uploads\/sites\/15\/2025\/07\/3.2.3-Clasificacion-y-transversales-ES.pptx.png\" alt=\"\" \/><\/figure>\n\n\n\n<div style=\"height:33px\" aria-hidden=\"true\" class=\"wp-block-spacer\"><\/div>\n\n\n\n<p>From the image mosaics, the land cover and land use map is developed (forest, non-forest natural, agriculture, pasture, non-vegetated area, water bodies, etc.). To do this, analysts at MapBiomas Bolivia use an automatic classifier called \"random forest,\" which runs on Google's cloud processors. This system is based on machine learning: for each class to be classified, the algorithm is \"trained\" with samples of the targets to be classified. These samples are obtained through reference maps, generation of stable class maps from previous series of MapBiomas Bolivia, and direct collection of complementary samples through visual interpretation of Landsat images.<\/p>\n\n\n\n<div style=\"height:33px\" aria-hidden=\"true\" class=\"wp-block-spacer\"><\/div>\n\n\n\n<figure class=\"wp-block-image size-full\"><img decoding=\"async\" loading=\"lazy\" width=\"960\" height=\"540\" src=\"https:\/\/bolivia.mapbiomas.org\/wp-content\/uploads\/sites\/15\/2024\/07\/4.png\" alt=\"\" class=\"wp-image-546\" srcset=\"https:\/\/bolivia.mapbiomas.org\/wp-content\/uploads\/sites\/15\/2024\/07\/4.png 960w, https:\/\/bolivia.mapbiomas.org\/wp-content\/uploads\/sites\/15\/2024\/07\/4-300x169.png 300w, https:\/\/bolivia.mapbiomas.org\/wp-content\/uploads\/sites\/15\/2024\/07\/4-768x432.png 768w, https:\/\/bolivia.mapbiomas.org\/wp-content\/uploads\/sites\/15\/2024\/07\/4-18x10.png 18w\" sizes=\"(max-width: 960px) 100vw, 960px\" \/><\/figure>\n\n\n\n<div style=\"height:33px\" aria-hidden=\"true\" class=\"wp-block-spacer\"><\/div>\n\n\n\n<p>The spatial filter aims to increase the spatial consistency of the data by eliminating isolated or edge pixels. Rules of neighborhood are defined that can lead to a change in the classification of pixels. For example, a pixel that has fewer than two of its nine neighboring pixels in the same class will be reclassified to the predominant class in the neighborhood. The filter is applied to all classes and years of the collection.<\/p>\n\n\n\n<div style=\"height:33px\" aria-hidden=\"true\" class=\"wp-block-spacer\"><\/div>\n\n\n\n<figure class=\"wp-block-image size-large\"><img decoding=\"async\" src=\"https:\/\/bolivia.mapbiomas.org\/wp-content\/uploads\/sites\/15\/2025\/07\/3.2.5-Filtro-Temporal.png\" alt=\"\" \/><\/figure>\n\n\n\n<div style=\"height:33px\" aria-hidden=\"true\" class=\"wp-block-spacer\"><\/div>\n\n\n\n<p>Para reducir las inconsistencias temporales, en particular cambios en la cobertura o el uso que son imposibles o no est\u00e1n permitidos (por ejemplo: Bosque natural &gt; No bosque &gt; Bosque natural) y para corregir fallas debido al desbordamiento de nubes o falta de datos, se aplica un filtro temporal. Cada bioma, tema o regi\u00f3n puede tener reglas de filtrado temporales espec\u00edficas. En total en la Colecci\u00f3n 3 se aplicaron 3 reglas. El filtro temporal se aplica a cada p\u00edxel analizando todos los a\u00f1os de la Colecci\u00f3n (por ejemplo, la Colecci\u00f3n 3 tiene 40 a\u00f1os).<\/p>\n\n\n\n<div style=\"height:33px\" aria-hidden=\"true\" class=\"wp-block-spacer\"><\/div>\n\n\n\n<figure class=\"wp-block-image size-large\"><img decoding=\"async\" src=\"https:\/\/bolivia.mapbiomas.org\/wp-content\/uploads\/sites\/15\/2025\/07\/3.2.6-Integracion.png\" alt=\"\" \/><\/figure>\n\n\n\n<div style=\"height:33px\" aria-hidden=\"true\" class=\"wp-block-spacer\"><\/div>\n\n\n\n<p>In this step, the maps of each class are integrated into a single map that represents the land coverage and use of the entire territory for each year. Prevalence rules are applied: in this way, if the same pixel is classified into two different class maps, it is possible to define which one it belongs to in the final map. Prevalence rules may vary depending on the peculiarities of biomes, themes or regions. The integration is performed for each year in the series and generates an integrated map for each year, usually saved as a single ASSET with the number of annual layers for the analyzed period. The embedded map goes through one more spatial filter step to clean up any edges and loose pixels as a result of the embedding process.<\/p>\n\n\n\n<div style=\"height:33px\" aria-hidden=\"true\" class=\"wp-block-spacer\"><\/div>\n\n\n\n<figure class=\"wp-block-image size-full\"><img decoding=\"async\" loading=\"lazy\" width=\"960\" height=\"540\" src=\"https:\/\/bolivia.mapbiomas.org\/wp-content\/uploads\/sites\/15\/2025\/07\/3.2.7-Transicion.png\" alt=\"\" class=\"wp-image-967\" srcset=\"https:\/\/bolivia.mapbiomas.org\/wp-content\/uploads\/sites\/15\/2025\/07\/3.2.7-Transicion.png 960w, https:\/\/bolivia.mapbiomas.org\/wp-content\/uploads\/sites\/15\/2025\/07\/3.2.7-Transicion-300x169.png 300w, https:\/\/bolivia.mapbiomas.org\/wp-content\/uploads\/sites\/15\/2025\/07\/3.2.7-Transicion-768x432.png 768w, https:\/\/bolivia.mapbiomas.org\/wp-content\/uploads\/sites\/15\/2025\/07\/3.2.7-Transicion-18x10.png 18w\" sizes=\"(max-width: 960px) 100vw, 960px\" \/><\/figure>\n\n\n\n<div style=\"height:33px\" aria-hidden=\"true\" class=\"wp-block-spacer\"><\/div>\n\n\n\n<p>To understand changes in land cover and land use, maps with class transitions between different pairs of selected years are produced. This allows for the analysis of changes in the territory and answers questions such as how much of the woody class converted to pasture from one year to another. Transition maps are generated pixel by pixel and, once completed, they are also subjected to a spatial filter to eliminate isolated or edge pixels. Transition matrices are constructed from these maps for different territorial divisions available on the MapBiomas Bolivia platform.<\/p>","protected":false},"excerpt":{"rendered":"<p>CONOZCA LAS ETAPAS DE LA METODOLOG\u00cdA DE MAPBIOMAS BOLIVIA Aqu\u00ed detallamos paso a paso la metodolog\u00eda de MapBiomas Bolivia. Para cada clase y tema tratado en el mapa existen particularidades y caracter\u00edsticas espec\u00edficas que se pueden consultar en detalle en el ATBD (Documento Base Te\u00f3rico de Algoritmos) y sus anexos. METODOLOG\u00cdA COMPLETA &#8211; ATBD Todo [&hellip;]<\/p>","protected":false},"author":2,"featured_media":0,"parent":0,"menu_order":0,"comment_status":"closed","ping_status":"closed","template":"","meta":{"_uag_custom_page_level_css":""},"acf":[],"uagb_featured_image_src":{"full":false,"thumbnail":false,"medium":false,"medium_large":false,"large":false,"1536x1536":false,"2048x2048":false,"trp-custom-language-flag":false,"infographic":false,"team":false},"uagb_author_info":{"display_name":"Adriel Fernandes","author_link":"https:\/\/bolivia.mapbiomas.org\/en\/author\/adriel-fernandes\/"},"uagb_comment_info":0,"uagb_excerpt":"CONOZCA LAS ETAPAS DE LA METODOLOG\u00cdA DE MAPBIOMAS BOLIVIA Aqu\u00ed detallamos paso a paso la metodolog\u00eda de MapBiomas Bolivia. Para cada clase y tema tratado en el mapa existen particularidades y caracter\u00edsticas espec\u00edficas que se pueden consultar en detalle en el ATBD (Documento Base Te\u00f3rico de Algoritmos) y sus anexos. METODOLOG\u00cdA COMPLETA &#8211; ATBD Todo&hellip;","_links":{"self":[{"href":"https:\/\/bolivia.mapbiomas.org\/en\/wp-json\/wp\/v2\/pages\/117"}],"collection":[{"href":"https:\/\/bolivia.mapbiomas.org\/en\/wp-json\/wp\/v2\/pages"}],"about":[{"href":"https:\/\/bolivia.mapbiomas.org\/en\/wp-json\/wp\/v2\/types\/page"}],"author":[{"embeddable":true,"href":"https:\/\/bolivia.mapbiomas.org\/en\/wp-json\/wp\/v2\/users\/2"}],"replies":[{"embeddable":true,"href":"https:\/\/bolivia.mapbiomas.org\/en\/wp-json\/wp\/v2\/comments?post=117"}],"version-history":[{"count":15,"href":"https:\/\/bolivia.mapbiomas.org\/en\/wp-json\/wp\/v2\/pages\/117\/revisions"}],"predecessor-version":[{"id":969,"href":"https:\/\/bolivia.mapbiomas.org\/en\/wp-json\/wp\/v2\/pages\/117\/revisions\/969"}],"wp:attachment":[{"href":"https:\/\/bolivia.mapbiomas.org\/en\/wp-json\/wp\/v2\/media?parent=117"}],"curies":[{"name":"wp","href":"https:\/\/api.w.org\/{rel}","templated":true}]}}