{"id":131,"date":"2023-08-02T16:59:02","date_gmt":"2023-08-02T16:59:02","guid":{"rendered":"https:\/\/staging-bolivia.mapbiomas.org\/?page_id=131"},"modified":"2026-02-11T18:10:58","modified_gmt":"2026-02-11T18:10:58","slug":"herramientas","status":"publish","type":"page","link":"https:\/\/bolivia.mapbiomas.org\/en\/herramientas\/","title":{"rendered":"Tools"},"content":{"rendered":"<h4 class=\"wp-block-heading\"><strong>GOOGLE EARTH ENGINE<\/strong><\/h4>\n\n\n\n<p>MapBiomas utiliza la tecnolog\u00eda de la plataforma Google Eearth Engine. Facilitamos los scripts para el acceso a la colecci\u00f3n de MapBiomas Bolivia.<\/p>\n\n\n\n<p>To access, follow the instructions below:<\/p>\n\n\n\n<ul>\n<li>With a Gmail account, sign up for Google Earth Engine Platform via this link<a href=\"https:\/\/earthengine.google.com\"> https:\/\/earthengine.google.com<\/a><\/li>\n\n\n\n<li>In a few days you will receive authorization to access the platform<\/li>\n\n\n\n<li>Once registered with Google Earth Engine, enter the link of the scripts you want to run.<\/li>\n\n\n\n<li>Change the parameters to get the desired map.<\/li>\n\n\n\n<li>We encourage MapBiomas users to send us their innovation suggestions so that we can constantly improve it&nbsp; &nbsp; <a href=\"mailto:contato@mapbiomas.org\">contato@mapbiomas.org<\/a><\/li>\n<\/ul>\n\n\n\n<figure class=\"wp-block-image size-large\"><img decoding=\"async\" src=\"https:\/\/bolivia.mapbiomas.org\/wp-content\/uploads\/sites\/15\/2024\/07\/unnamed-2-2.png\" alt=\"\" \/><\/figure>\n\n\n\n<h4 class=\"wp-block-heading\"><strong><strong>Access to MapBiomas collection on Google Earth Engine<\/strong><\/strong><\/h4>\n\n\n\n<p>Images and Maps are available to access as an asset directly from Google Earth Engine, without the need to download or upload data. Remember to download the document with the legend codes at: <a href=\"https:\/\/bolivia.mapbiomas.org\/wp-content\/uploads\/sites\/15\/2025\/07\/Legend-Code_col3-v2.pdf\" target=\"_blank\" rel=\"noreferrer noopener\">Legend codes<\/a>Here are the products available and their access IDs on Google Earth Engine:<\/p>\n\n\n\n<p><strong>Mapas de cobertura y uso de la Colecci\u00f3n 3 MapBiomas Bolivia.&nbsp;<\/strong><\/p>\n\n\n\n<p><strong>id:&nbsp;<\/strong>projects\/mapbiomas-public\/assets\/bolivia\/lulc\/collection3\/mapbiomas_bolivia_collection3_integration_v1<\/p>\n\n\n\n<p><strong>Mapas de transici\u00f3n entre a\u00f1os seleccionados de la Colecci\u00f3n 3 MapBiomas Bolivia<\/strong><\/p>\n\n\n\n<p><strong><em>id:<\/em><\/strong> projects\/mapbiomas-public\/assets\/bolivia\/lulc\/collection3\/mapbiomas_bolivia_collection3_transitions_v1<\/p>\n\n\n\n<p><strong>Mosaico de Im\u00e1genes Landsat para cada a\u00f1o de la Colecci\u00f3n 3 MapBiomas Bolivia.<\/strong><\/p>\n\n\n\n<p><strong>1985-2021, id:<\/strong> projects\/nexgenmap\/MapBiomas2\/LANDSAT\/PANAMAZON\/mosaics-2<\/p>\n\n\n\n<p><strong>2022-2023, id:<\/strong> projects\/mapbiomas-raisg\/MOSAICOS\/mosaics-2<\/p>\n\n\n\n<p><strong>2023-2024<\/strong>, <strong><em>id:<\/em><\/strong> projects\/mapbiomas-bolivia\/assets\/MOSAICS\/mosaics-2<\/p>\n\n\n\n<h2 class=\"wp-block-heading\"><strong>GITHUB<\/strong><\/h2>\n\n\n\n<p>MapBiomas Processing Code Repository<\/p>\n\n\n\n<p>The codes used by MapBiomas to produce the maps, including classification, spatial and temporal filters, data integration, generation of transitions and calculation of statistics, among others, are available in the MapBiomas code repository on GitHub.<\/p>\n\n\n\n<p>Acesso: https:\/\/github.com\/raisgmb\/mapbiomas-bolivia<\/p>","protected":false},"excerpt":{"rendered":"<p>GOOGLE EARTH ENGINE MapBiomas utiliza la tecnolog\u00eda de la plataforma Google Eearth Engine. Facilitamos los scripts para el acceso a la colecci\u00f3n de MapBiomas Bolivia. Para acceder siga las siguientes instrucciones: ACCESO A LAS COLECCIONES&nbsp; MAPBIOMAS EN GOOGLE EARTH ENGINE Las colecciones de im\u00e1genes y mapas de MapBiomas est\u00e1n disponibles como assets directamente en Google [&hellip;]<\/p>","protected":false},"author":2,"featured_media":0,"parent":0,"menu_order":0,"comment_status":"closed","ping_status":"closed","template":"","meta":{"_uag_custom_page_level_css":""},"acf":[],"uagb_featured_image_src":{"full":false,"thumbnail":false,"medium":false,"medium_large":false,"large":false,"1536x1536":false,"2048x2048":false,"trp-custom-language-flag":false,"infographic":false,"team":false},"uagb_author_info":{"display_name":"Adriel Fernandes","author_link":"https:\/\/bolivia.mapbiomas.org\/en\/author\/adriel-fernandes\/"},"uagb_comment_info":0,"uagb_excerpt":"GOOGLE EARTH ENGINE MapBiomas utiliza la tecnolog\u00eda de la plataforma Google Eearth Engine. Facilitamos los scripts para el acceso a la colecci\u00f3n de MapBiomas Bolivia. Para acceder siga las siguientes instrucciones: ACCESO A LAS COLECCIONES&nbsp; MAPBIOMAS EN GOOGLE EARTH ENGINE Las colecciones de im\u00e1genes y mapas de MapBiomas est\u00e1n disponibles como assets directamente en Google&hellip;","_links":{"self":[{"href":"https:\/\/bolivia.mapbiomas.org\/en\/wp-json\/wp\/v2\/pages\/131"}],"collection":[{"href":"https:\/\/bolivia.mapbiomas.org\/en\/wp-json\/wp\/v2\/pages"}],"about":[{"href":"https:\/\/bolivia.mapbiomas.org\/en\/wp-json\/wp\/v2\/types\/page"}],"author":[{"embeddable":true,"href":"https:\/\/bolivia.mapbiomas.org\/en\/wp-json\/wp\/v2\/users\/2"}],"replies":[{"embeddable":true,"href":"https:\/\/bolivia.mapbiomas.org\/en\/wp-json\/wp\/v2\/comments?post=131"}],"version-history":[{"count":20,"href":"https:\/\/bolivia.mapbiomas.org\/en\/wp-json\/wp\/v2\/pages\/131\/revisions"}],"predecessor-version":[{"id":1065,"href":"https:\/\/bolivia.mapbiomas.org\/en\/wp-json\/wp\/v2\/pages\/131\/revisions\/1065"}],"wp:attachment":[{"href":"https:\/\/bolivia.mapbiomas.org\/en\/wp-json\/wp\/v2\/media?parent=131"}],"curies":[{"name":"wp","href":"https:\/\/api.w.org\/{rel}","templated":true}]}}