{"id":155,"date":"2023-08-02T17:07:21","date_gmt":"2023-08-02T17:07:21","guid":{"rendered":"https:\/\/staging-bolivia.mapbiomas.org\/?page_id=155"},"modified":"2025-07-31T20:24:42","modified_gmt":"2025-07-31T20:24:42","slug":"lanzamiento-de-la-coleccion-1-0","status":"publish","type":"page","link":"https:\/\/bolivia.mapbiomas.org\/en\/lanzamiento-de-la-coleccion-1-0\/","title":{"rendered":"Launches"},"content":{"rendered":"<p>El proyecto MapBiomas Bolivia es una iniciativa significativa que utiliza herramientas cartogr\u00e1ficas avanzadas para monitorear los cambios en el uso del suelo y\u00a0 la din\u00e1mica del agua superficial en todo el territorio boliviano.<\/p>\n\n\n\n<h4 class=\"wp-block-heading\"><strong>Colecci\u00f3n 3 MapBiomas Bolivia<\/strong><\/h4>\n\n\n\n<p>\u201cDonde el agua y los bosques cuentan su historia\u201d<\/p>\n\n\n\n<p>El 22 de julio de 2025 se lanz\u00f3 la Colecci\u00f3n 3 de MapBiomas Bolivia presentando los hallazgos m\u00e1s relevantes de cuatro d\u00e9cadas de monitoreo continuo de la din\u00e1mica de cambio de la vegetaci\u00f3n natural y del agua superficial en el territorio boliviano.&nbsp;<\/p>\n\n\n\n<p><strong>MapBiomas Bolivia &#8211; Cobertura y uso de suelo:<\/strong> En su tercera colecci\u00f3n incorpora cinco nuevas clases de cobertura y uso detectadas, incluyendo dos en versi\u00f3n beta.&nbsp;<\/p>\n\n\n\n<p><strong>MapBiomas Bolivia &#8211; Agua:<\/strong> En su tercera colecci\u00f3n presenta la din\u00e1mica mensual\/anual del agua superficial permitiendo diferenciar cinco tipos de uso de agua. Adem\u00e1s del monitoreo anual de los glaciares bolivianos.<\/p>\n\n\n\n<figure class=\"wp-block-embed is-type-video is-provider-youtube wp-block-embed-youtube wp-embed-aspect-16-9 wp-has-aspect-ratio\"><div class=\"wp-block-embed__wrapper\">\n<iframe loading=\"lazy\" title=\"MapBiomas Bolivia - Colecci\u00f3n 3 | Donde el agua y los bosques cuentan su historia (1985\u20132024)\" width=\"500\" height=\"281\" src=\"https:\/\/www.youtube.com\/embed\/qvpmTU-MXt4?feature=oembed\" frameborder=\"0\" allow=\"accelerometer; autoplay; clipboard-write; encrypted-media; gyroscope; picture-in-picture; web-share\" referrerpolicy=\"strict-origin-when-cross-origin\" allowfullscreen><\/iframe>\n<\/div><\/figure>\n\n\n\n<p><\/p>\n\n\n\n<h4 class=\"wp-block-heading\"><strong>Colecci\u00f3n 2 MapBiomas Bolivia<\/strong><\/h4>\n\n\n\n<p><strong>Purpose:<\/strong> Cartographic tool to monitor land use changes and pressures on forests and natural ecosystems in Bolivia.<\/p>\n\n\n\n<p><strong>Update:<\/strong> A new set of land use and cover maps is released, improved and expanded every year.<\/p>\n\n\n\n<p><strong>Focus:<\/strong> Using remote sensing data, ecology, GIS and programming to produce annual maps from a specific period onwards.<\/p>\n\n\n\n<p><strong>Collaboration:<\/strong> Collaborative network between NGOs and research institutes.<\/p>\n\n\n\n<p><strong>Betterment:<\/strong> Continuous process of improving the quality of the maps, expanding the time period analyzed and increasing the number of mapped classes.<\/p>\n\n\n\n<figure class=\"wp-block-image size-large\"><a href=\"https:\/\/www.youtube.com\/watch?v=zr1UlNJFNFM\" target=\"_blank\" rel=\"noreferrer noopener\"><img decoding=\"async\" loading=\"lazy\" width=\"1024\" height=\"577\" src=\"https:\/\/bolivia.mapbiomas.org\/wp-content\/uploads\/sites\/15\/2024\/07\/news-bol2-1024x577.png\" alt=\"\" class=\"wp-image-706\" srcset=\"https:\/\/bolivia.mapbiomas.org\/wp-content\/uploads\/sites\/15\/2024\/07\/news-bol2-1024x577.png 1024w, https:\/\/bolivia.mapbiomas.org\/wp-content\/uploads\/sites\/15\/2024\/07\/news-bol2-300x169.png 300w, https:\/\/bolivia.mapbiomas.org\/wp-content\/uploads\/sites\/15\/2024\/07\/news-bol2-768x433.png 768w, https:\/\/bolivia.mapbiomas.org\/wp-content\/uploads\/sites\/15\/2024\/07\/news-bol2-18x10.png 18w, https:\/\/bolivia.mapbiomas.org\/wp-content\/uploads\/sites\/15\/2024\/07\/news-bol2.png 1181w\" sizes=\"(max-width: 1024px) 100vw, 1024px\" \/><\/a><\/figure>\n\n\n\n<div style=\"height:33px\" aria-hidden=\"true\" class=\"wp-block-spacer\"><\/div>\n\n\n\n<h4 class=\"wp-block-heading\"><strong>Colecci\u00f3n 1 MapBiomas Bolivia<\/strong><\/h4>\n\n\n\n<p><strong>Begin and objective:<\/strong> It brings together specialists from various Bolivian ecoregions to map since 1985.<\/p>\n\n\n\n<p><strong>Main focus:<\/strong> Production of annual maps of land cover and use.<\/p>\n\n\n\n<p><strong>Collaboration:<\/strong> Involves NGOs and research institutes.<strong> <\/strong><\/p>\n\n\n\n<p><strong>Annual Improvements:<\/strong> Annual data processing to improve the quality and temporal coverage of the maps.<\/p>\n\n\n\n<p class=\"has-text-align-center\"><\/p>","protected":false},"excerpt":{"rendered":"<p>El proyecto MapBiomas Bolivia es una iniciativa significativa que utiliza herramientas cartogr\u00e1ficas avanzadas para monitorear los cambios en el uso del suelo y\u00a0 la din\u00e1mica del agua superficial en todo el territorio boliviano. Colecci\u00f3n 3 MapBiomas Bolivia \u201cDonde el agua y los bosques cuentan su historia\u201d El 22 de julio de 2025 se lanz\u00f3 la [&hellip;]<\/p>","protected":false},"author":2,"featured_media":0,"parent":0,"menu_order":0,"comment_status":"closed","ping_status":"closed","template":"","meta":{"_uag_custom_page_level_css":""},"acf":[],"uagb_featured_image_src":{"full":false,"thumbnail":false,"medium":false,"medium_large":false,"large":false,"1536x1536":false,"2048x2048":false,"trp-custom-language-flag":false,"infographic":false,"team":false},"uagb_author_info":{"display_name":"Adriel Fernandes","author_link":"https:\/\/bolivia.mapbiomas.org\/en\/author\/adriel-fernandes\/"},"uagb_comment_info":0,"uagb_excerpt":"El proyecto MapBiomas Bolivia es una iniciativa significativa que utiliza herramientas cartogr\u00e1ficas avanzadas para monitorear los cambios en el uso del suelo y\u00a0 la din\u00e1mica del agua superficial en todo el territorio boliviano. Colecci\u00f3n 3 MapBiomas Bolivia \u201cDonde el agua y los bosques cuentan su historia\u201d El 22 de julio de 2025 se lanz\u00f3 la&hellip;","_links":{"self":[{"href":"https:\/\/bolivia.mapbiomas.org\/en\/wp-json\/wp\/v2\/pages\/155"}],"collection":[{"href":"https:\/\/bolivia.mapbiomas.org\/en\/wp-json\/wp\/v2\/pages"}],"about":[{"href":"https:\/\/bolivia.mapbiomas.org\/en\/wp-json\/wp\/v2\/types\/page"}],"author":[{"embeddable":true,"href":"https:\/\/bolivia.mapbiomas.org\/en\/wp-json\/wp\/v2\/users\/2"}],"replies":[{"embeddable":true,"href":"https:\/\/bolivia.mapbiomas.org\/en\/wp-json\/wp\/v2\/comments?post=155"}],"version-history":[{"count":8,"href":"https:\/\/bolivia.mapbiomas.org\/en\/wp-json\/wp\/v2\/pages\/155\/revisions"}],"predecessor-version":[{"id":1031,"href":"https:\/\/bolivia.mapbiomas.org\/en\/wp-json\/wp\/v2\/pages\/155\/revisions\/1031"}],"wp:attachment":[{"href":"https:\/\/bolivia.mapbiomas.org\/en\/wp-json\/wp\/v2\/media?parent=155"}],"curies":[{"name":"wp","href":"https:\/\/api.w.org\/{rel}","templated":true}]}}