{"id":259,"date":"2023-08-02T17:54:57","date_gmt":"2023-08-02T17:54:57","guid":{"rendered":"https:\/\/staging-bolivia.mapbiomas.org\/?page_id=259"},"modified":"2025-07-31T12:54:37","modified_gmt":"2025-07-31T12:54:37","slug":"infografia","status":"publish","type":"page","link":"https:\/\/bolivia.mapbiomas.org\/en\/infografia\/","title":{"rendered":"Infographic"},"content":{"rendered":"<p>Descargue las infograf\u00edas de la Colecci\u00f3n 3 de MapBiomas Bolivia.<\/p>\n\n\n\n<figure class=\"wp-block-image size-large\"><a href=\"https:\/\/bolivia.mapbiomas.org\/wp-content\/uploads\/sites\/15\/2025\/07\/MBI_LULC_-Col3_Bolivia.png\" target=\"_blank\" rel=\"noreferrer noopener\"><img decoding=\"async\" loading=\"lazy\" width=\"1024\" height=\"575\" src=\"https:\/\/bolivia.mapbiomas.org\/wp-content\/uploads\/sites\/15\/2025\/07\/MBI_LULC_-Col3_Bolivia-1024x575.png\" alt=\"\" class=\"wp-image-1000\" srcset=\"https:\/\/bolivia.mapbiomas.org\/wp-content\/uploads\/sites\/15\/2025\/07\/MBI_LULC_-Col3_Bolivia-1024x575.png 1024w, https:\/\/bolivia.mapbiomas.org\/wp-content\/uploads\/sites\/15\/2025\/07\/MBI_LULC_-Col3_Bolivia-300x168.png 300w, https:\/\/bolivia.mapbiomas.org\/wp-content\/uploads\/sites\/15\/2025\/07\/MBI_LULC_-Col3_Bolivia-768x431.png 768w, https:\/\/bolivia.mapbiomas.org\/wp-content\/uploads\/sites\/15\/2025\/07\/MBI_LULC_-Col3_Bolivia-1536x863.png 1536w, https:\/\/bolivia.mapbiomas.org\/wp-content\/uploads\/sites\/15\/2025\/07\/MBI_LULC_-Col3_Bolivia-2048x1150.png 2048w, https:\/\/bolivia.mapbiomas.org\/wp-content\/uploads\/sites\/15\/2025\/07\/MBI_LULC_-Col3_Bolivia-18x10.png 18w, https:\/\/bolivia.mapbiomas.org\/wp-content\/uploads\/sites\/15\/2025\/07\/MBI_LULC_-Col3_Bolivia-970x545.png 970w\" sizes=\"(max-width: 1024px) 100vw, 1024px\" \/><\/a><\/figure>\n\n\n\n<p>Descargue las infograf\u00edas de la Colecci\u00f3n 2 de MapBiomas Bolivia Agua.&nbsp;<\/p>\n\n\n\n<figure class=\"wp-block-image size-large is-resized\"><a href=\"https:\/\/bolivia.mapbiomas.org\/wp-content\/uploads\/sites\/15\/2025\/07\/MBI-infografico-agua-bolivia-2025-ES-scaled.jpg\" target=\"_blank\" rel=\"noreferrer noopener\"><img decoding=\"async\" loading=\"lazy\" src=\"https:\/\/bolivia.mapbiomas.org\/wp-content\/uploads\/sites\/15\/2025\/07\/MBI-infografico-agua-bolivia-2025-ES-1024x575.jpg\" alt=\"\" class=\"wp-image-958\" width=\"1026\" height=\"577\" srcset=\"https:\/\/bolivia.mapbiomas.org\/wp-content\/uploads\/sites\/15\/2025\/07\/MBI-infografico-agua-bolivia-2025-ES-1024x575.jpg 1024w, https:\/\/bolivia.mapbiomas.org\/wp-content\/uploads\/sites\/15\/2025\/07\/MBI-infografico-agua-bolivia-2025-ES-300x169.jpg 300w, https:\/\/bolivia.mapbiomas.org\/wp-content\/uploads\/sites\/15\/2025\/07\/MBI-infografico-agua-bolivia-2025-ES-768x431.jpg 768w, https:\/\/bolivia.mapbiomas.org\/wp-content\/uploads\/sites\/15\/2025\/07\/MBI-infografico-agua-bolivia-2025-ES-1536x863.jpg 1536w, https:\/\/bolivia.mapbiomas.org\/wp-content\/uploads\/sites\/15\/2025\/07\/MBI-infografico-agua-bolivia-2025-ES-2048x1151.jpg 2048w, https:\/\/bolivia.mapbiomas.org\/wp-content\/uploads\/sites\/15\/2025\/07\/MBI-infografico-agua-bolivia-2025-ES-18x10.jpg 18w, https:\/\/bolivia.mapbiomas.org\/wp-content\/uploads\/sites\/15\/2025\/07\/MBI-infografico-agua-bolivia-2025-ES-970x545.jpg 970w\" sizes=\"(max-width: 1026px) 100vw, 1026px\" \/><\/a><\/figure>","protected":false},"excerpt":{"rendered":"<p>Descargue las infograf\u00edas de la Colecci\u00f3n 3 de MapBiomas Bolivia. Descargue las infograf\u00edas de la Colecci\u00f3n 2 de MapBiomas Bolivia Agua.&nbsp;<\/p>","protected":false},"author":2,"featured_media":0,"parent":0,"menu_order":0,"comment_status":"closed","ping_status":"closed","template":"","meta":{"_uag_custom_page_level_css":""},"acf":[],"uagb_featured_image_src":{"full":false,"thumbnail":false,"medium":false,"medium_large":false,"large":false,"1536x1536":false,"2048x2048":false,"trp-custom-language-flag":false,"infographic":false,"team":false},"uagb_author_info":{"display_name":"Adriel Fernandes","author_link":"https:\/\/bolivia.mapbiomas.org\/en\/author\/adriel-fernandes\/"},"uagb_comment_info":0,"uagb_excerpt":"Descargue las infograf\u00edas de la Colecci\u00f3n 3 de MapBiomas Bolivia. Descargue las infograf\u00edas de la Colecci\u00f3n 2 de MapBiomas Bolivia Agua.&nbsp;","_links":{"self":[{"href":"https:\/\/bolivia.mapbiomas.org\/en\/wp-json\/wp\/v2\/pages\/259"}],"collection":[{"href":"https:\/\/bolivia.mapbiomas.org\/en\/wp-json\/wp\/v2\/pages"}],"about":[{"href":"https:\/\/bolivia.mapbiomas.org\/en\/wp-json\/wp\/v2\/types\/page"}],"author":[{"embeddable":true,"href":"https:\/\/bolivia.mapbiomas.org\/en\/wp-json\/wp\/v2\/users\/2"}],"replies":[{"embeddable":true,"href":"https:\/\/bolivia.mapbiomas.org\/en\/wp-json\/wp\/v2\/comments?post=259"}],"version-history":[{"count":14,"href":"https:\/\/bolivia.mapbiomas.org\/en\/wp-json\/wp\/v2\/pages\/259\/revisions"}],"predecessor-version":[{"id":1001,"href":"https:\/\/bolivia.mapbiomas.org\/en\/wp-json\/wp\/v2\/pages\/259\/revisions\/1001"}],"wp:attachment":[{"href":"https:\/\/bolivia.mapbiomas.org\/en\/wp-json\/wp\/v2\/media?parent=259"}],"curies":[{"name":"wp","href":"https:\/\/api.w.org\/{rel}","templated":true}]}}