{"id":277,"date":"2023-08-02T18:06:08","date_gmt":"2023-08-02T18:06:08","guid":{"rendered":"https:\/\/staging-bolivia.mapbiomas.org\/?page_id=277"},"modified":"2025-07-31T14:20:25","modified_gmt":"2025-07-31T14:20:25","slug":"mosaicos-landsat","status":"publish","type":"page","link":"https:\/\/bolivia.mapbiomas.org\/en\/mosaicos-landsat\/","title":{"rendered":"Landsat mosaics"},"content":{"rendered":"<p>Las clasificaciones de cobertura y uso del suelo de la Colecci\u00f3n 3 de MapBiomas Bolivia se basan en mosaicos generados a partir de im\u00e1genes Landsat, para cada a\u00f1o evaluado (1985-2024). El mosaico es producido por la integraci\u00f3n espacial de las distintas escenas Landsat presentes en el determinado a\u00f1o y por la integraci\u00f3n temporal p\u00edxel a p\u00edxel. Los intervalos temporales se definieron en funci\u00f3n a la presencia de nubes, variaci\u00f3n en los tipos de vegetaci\u00f3n, entre otros como estrategia para mejorar los resultados de la clasificaci\u00f3n.\u00a0<\/p>\n\n\n\n<p>The annual mosaics contain 156 bands including: Landsat spectral bands, indices and spectral fractions. Topographic and elevation bands will also be used. For more information, see item 3.2 of the<strong> <\/strong><a href=\"https:\/\/bolivia.mapbiomas.org\/en\/atbd-entienda-cada-etapa\/\">General ATBD<strong>.<\/strong><\/a><\/p>\n\n\n\n<p>Se puede acceder a los mosaicos de la Colecci\u00f3n 3\u00a0 de MapBiomas Bolivia directamente en Google Earth Engine:<\/p>\n\n\n\n<p><strong>1985-2021, id:<\/strong> projects\/nexgenmap\/MapBiomas2\/LANDSAT\/PANAMAZON\/mosaics-2<\/p>\n\n\n\n<p><strong>2022-2023, id:<\/strong> projects\/mapbiomas-raisg\/MOSAICOS\/mosaics-2<\/p>\n\n\n\n<p><strong>2023-2024: id<\/strong>:\u00a0projects\/mapbiomas-bolivia\/assets\/MOSAICS\/mosaics-2<\/p>","protected":false},"excerpt":{"rendered":"<p>Las clasificaciones de cobertura y uso del suelo de la Colecci\u00f3n 3 de MapBiomas Bolivia se basan en mosaicos generados a partir de im\u00e1genes Landsat, para cada a\u00f1o evaluado (1985-2024). El mosaico es producido por la integraci\u00f3n espacial de las distintas escenas Landsat presentes en el determinado a\u00f1o y por la integraci\u00f3n temporal p\u00edxel a [&hellip;]<\/p>","protected":false},"author":2,"featured_media":0,"parent":0,"menu_order":0,"comment_status":"closed","ping_status":"closed","template":"","meta":{"_uag_custom_page_level_css":""},"acf":[],"uagb_featured_image_src":{"full":false,"thumbnail":false,"medium":false,"medium_large":false,"large":false,"1536x1536":false,"2048x2048":false,"trp-custom-language-flag":false,"infographic":false,"team":false},"uagb_author_info":{"display_name":"Adriel Fernandes","author_link":"https:\/\/bolivia.mapbiomas.org\/en\/author\/adriel-fernandes\/"},"uagb_comment_info":0,"uagb_excerpt":"Las clasificaciones de cobertura y uso del suelo de la Colecci\u00f3n 3 de MapBiomas Bolivia se basan en mosaicos generados a partir de im\u00e1genes Landsat, para cada a\u00f1o evaluado (1985-2024). El mosaico es producido por la integraci\u00f3n espacial de las distintas escenas Landsat presentes en el determinado a\u00f1o y por la integraci\u00f3n temporal p\u00edxel a&hellip;","_links":{"self":[{"href":"https:\/\/bolivia.mapbiomas.org\/en\/wp-json\/wp\/v2\/pages\/277"}],"collection":[{"href":"https:\/\/bolivia.mapbiomas.org\/en\/wp-json\/wp\/v2\/pages"}],"about":[{"href":"https:\/\/bolivia.mapbiomas.org\/en\/wp-json\/wp\/v2\/types\/page"}],"author":[{"embeddable":true,"href":"https:\/\/bolivia.mapbiomas.org\/en\/wp-json\/wp\/v2\/users\/2"}],"replies":[{"embeddable":true,"href":"https:\/\/bolivia.mapbiomas.org\/en\/wp-json\/wp\/v2\/comments?post=277"}],"version-history":[{"count":8,"href":"https:\/\/bolivia.mapbiomas.org\/en\/wp-json\/wp\/v2\/pages\/277\/revisions"}],"predecessor-version":[{"id":1011,"href":"https:\/\/bolivia.mapbiomas.org\/en\/wp-json\/wp\/v2\/pages\/277\/revisions\/1011"}],"wp:attachment":[{"href":"https:\/\/bolivia.mapbiomas.org\/en\/wp-json\/wp\/v2\/media?parent=277"}],"curies":[{"name":"wp","href":"https:\/\/api.w.org\/{rel}","templated":true}]}}