{"id":283,"date":"2023-08-02T18:15:17","date_gmt":"2023-08-02T18:15:17","guid":{"rendered":"https:\/\/staging-bolivia.mapbiomas.org\/?page_id=283"},"modified":"2026-02-18T20:04:29","modified_gmt":"2026-02-18T20:04:29","slug":"codigos-de-la-leyenda","status":"publish","type":"page","link":"https:\/\/bolivia.mapbiomas.org\/en\/codigos-de-la-leyenda\/","title":{"rendered":"Legend codes"},"content":{"rendered":"<p>Los c\u00f3digos de leyenda que aparecen en los archivos en formato r\u00e1ster de&nbsp; de Mapbiomas Bolivia est\u00e1n disponible en:&nbsp;<\/p>\n\n\n\n<p>C\u00f3digo de Leyenda de Cobertura y Uso del Suelo <\/p>\n\n\n\n<ul>\n<li><a href=\"https:\/\/bolivia.mapbiomas.org\/wp-content\/uploads\/sites\/15\/2024\/07\/Codigo_de_la_Leyenda_-_MB_BOLIVIA_C1.pdf\" target=\"_blank\" rel=\"noreferrer noopener\">Collection 1<\/a><\/li>\n\n\n\n<li><a rel=\"noreferrer noopener\" href=\"https:\/\/bolivia.mapbiomas.org\/wp-content\/uploads\/sites\/15\/2025\/01\/MB-Bolivia-Col-2-pdf-Legend-Descript-EN.pdf\" target=\"_blank\">Collection 2<\/a><\/li>\n\n\n\n<li><a href=\"https:\/\/bolivia.mapbiomas.org\/wp-content\/uploads\/sites\/15\/2026\/02\/Codigo_leyenda_Col3-1.pdf\">Colecci\u00f3n 3<\/a><\/li>\n<\/ul>\n\n\n\n<p><a rel=\"noreferrer noopener\" href=\"https:\/\/bolivia.mapbiomas.org\/wp-content\/uploads\/sites\/15\/2025\/01\/MB-Bolivia-Col-2-pdf-Legend-Descript-EN.pdf\" target=\"_blank\"><br><\/a>Transition legend codes&nbsp; <\/p>\n\n\n\n<ul>\n<li><a href=\"https:\/\/bolivia.mapbiomas.org\/wp-content\/uploads\/sites\/15\/2024\/08\/Transiciones_leyenda.pdf\" target=\"_blank\" rel=\"noreferrer noopener\">Collection 1 and 2<\/a><\/li>\n<\/ul>\n\n\n\n<p><br>Legend description<\/p>\n\n\n\n<ul>\n<li><a href=\"https:\/\/bolivia.mapbiomas.org\/wp-content\/uploads\/sites\/15\/2024\/07\/Leyenda_Completa_MB_Bolivia_C1_ES.pdf\" target=\"_blank\" rel=\"noreferrer noopener\">Collection 1<\/a><\/li>\n\n\n\n<li><a rel=\"noreferrer noopener\" href=\"https:\/\/bolivia.mapbiomas.org\/wp-content\/uploads\/sites\/15\/2024\/07\/MBI-Infografias-bolivia-2.0-EN-scaled.jpg\" target=\"_blank\">Collection 2<\/a><\/li>\n\n\n\n<li><a href=\"https:\/\/bolivia.mapbiomas.org\/wp-content\/uploads\/sites\/15\/2025\/07\/Legend-Descript-ES_col3-v2.pdf\">Colecci\u00f3n 3<\/a><\/li>\n<\/ul>","protected":false},"excerpt":{"rendered":"<p>Los c\u00f3digos de leyenda que aparecen en los archivos en formato r\u00e1ster de&nbsp; de Mapbiomas Bolivia est\u00e1n disponible en:&nbsp; C\u00f3digo de Leyenda de Cobertura y Uso del Suelo C\u00f3digo de Leyenda de Transiciones&nbsp; Descripci\u00f3n de Leyenda<\/p>","protected":false},"author":2,"featured_media":0,"parent":0,"menu_order":0,"comment_status":"closed","ping_status":"closed","template":"","meta":{"_uag_custom_page_level_css":""},"acf":[],"uagb_featured_image_src":{"full":false,"thumbnail":false,"medium":false,"medium_large":false,"large":false,"1536x1536":false,"2048x2048":false,"trp-custom-language-flag":false,"infographic":false,"team":false},"uagb_author_info":{"display_name":"Adriel Fernandes","author_link":"https:\/\/bolivia.mapbiomas.org\/en\/author\/adriel-fernandes\/"},"uagb_comment_info":0,"uagb_excerpt":"Los c\u00f3digos de leyenda que aparecen en los archivos en formato r\u00e1ster de&nbsp; de Mapbiomas Bolivia est\u00e1n disponible en:&nbsp; C\u00f3digo de Leyenda de Cobertura y Uso del Suelo C\u00f3digo de Leyenda de Transiciones&nbsp; Descripci\u00f3n de Leyenda","_links":{"self":[{"href":"https:\/\/bolivia.mapbiomas.org\/en\/wp-json\/wp\/v2\/pages\/283"}],"collection":[{"href":"https:\/\/bolivia.mapbiomas.org\/en\/wp-json\/wp\/v2\/pages"}],"about":[{"href":"https:\/\/bolivia.mapbiomas.org\/en\/wp-json\/wp\/v2\/types\/page"}],"author":[{"embeddable":true,"href":"https:\/\/bolivia.mapbiomas.org\/en\/wp-json\/wp\/v2\/users\/2"}],"replies":[{"embeddable":true,"href":"https:\/\/bolivia.mapbiomas.org\/en\/wp-json\/wp\/v2\/comments?post=283"}],"version-history":[{"count":13,"href":"https:\/\/bolivia.mapbiomas.org\/en\/wp-json\/wp\/v2\/pages\/283\/revisions"}],"predecessor-version":[{"id":1070,"href":"https:\/\/bolivia.mapbiomas.org\/en\/wp-json\/wp\/v2\/pages\/283\/revisions\/1070"}],"wp:attachment":[{"href":"https:\/\/bolivia.mapbiomas.org\/en\/wp-json\/wp\/v2\/media?parent=283"}],"curies":[{"name":"wp","href":"https:\/\/api.w.org\/{rel}","templated":true}]}}