{"id":406,"date":"2024-05-14T13:58:19","date_gmt":"2024-05-14T13:58:19","guid":{"rendered":"https:\/\/bolivia.mapbiomas.org\/?page_id=406"},"modified":"2024-11-29T16:37:43","modified_gmt":"2024-11-29T16:37:43","slug":"exactitud","status":"publish","type":"page","link":"https:\/\/bolivia.mapbiomas.org\/en\/exactitud\/","title":{"rendered":"Accuracy"},"content":{"rendered":"<p>Precision analysis of MapBiomas Bolivia Collection 2.0 is in development. At the moment an evaluation of the Mapbiomas Bolivia Collection 1.0 has been carried out.<\/p>\n\n\n\n<p><a href=\"https:\/\/bolivia.mapbiomas.org\/en\/estadisticas-de-precision\/coleccion-1\/\">ACCESS TO THE COLLECTION 1.0 STATISTICS PANEL<\/a><\/p>\n\n\n\n<h4 class=\"wp-block-heading\"><strong>ESTIMATES OF THE ACCURACY OF LAND COVER MAPPING BY THE MAPBIOMAS PROJECT<\/strong><\/h4>\n\n\n\n<p>Accuracy analysis is the main way to evaluate the quality of mapping performed by MapBiomas. In addition to telling you what the overall hit rate is, the accuracy analysis also reveals estimates of the hit and miss rates for each assigned class. MapBiomas evaluated overall accuracy and for each use and cover class for all years between 1985 and 2023.<\/p>\n\n\n\n<p>Accuracy estimates were based on evaluating a sample of pixels, which we call the reference database, consisting of ~71,500 samples. The number of pixels in the reference database was predetermined using statistical sampling techniques. Each year, each pixel in the reference database was evaluated by technicians trained in visual interpretation of Landsat images. Accuracy evaluation was performed using metrics that compare the assigned class with the class evaluated by the technicians in the reference database.<\/p>\n\n\n\n<p>In each year, the precision analysis is carried out from the cross-tabulation of the sampled frequencies of the mapped and real classes, in the format of Table 1. The frequencies <img decoding=\"async\" loading=\"lazy\" width=\"35\" height=\"24\" class=\"wp-image-526\" style=\"width: 35px;\" src=\"https:\/\/bolivia.mapbiomas.org\/wp-content\/uploads\/sites\/15\/2024\/07\/unnamed.png\" alt=\"\" srcset=\"https:\/\/bolivia.mapbiomas.org\/wp-content\/uploads\/sites\/15\/2024\/07\/unnamed.png 35w, https:\/\/bolivia.mapbiomas.org\/wp-content\/uploads\/sites\/15\/2024\/07\/unnamed-18x12.png 18w\" sizes=\"(max-width: 35px) 100vw, 35px\" \/>represents the number of pixels in the sample classified as class i, and evaluated as class j. \n\nThe totals in the marginal line represent the number of samples assigned as class i, while the totals in the marginal column <img decoding=\"async\" loading=\"lazy\" width=\"36\" height=\"23\" class=\"wp-image-415\" style=\"width: 36px;\" src=\"https:\/\/bolivia.mapbiomas.org\/wp-content\/uploads\/sites\/15\/2024\/05\/image2.png\" alt=\"\" srcset=\"https:\/\/bolivia.mapbiomas.org\/wp-content\/uploads\/sites\/15\/2024\/05\/image2.png 36w, https:\/\/bolivia.mapbiomas.org\/wp-content\/uploads\/sites\/15\/2024\/05\/image2-18x12.png 18w\" sizes=\"(max-width: 36px) 100vw, 36px\" \/> They represent the number of samples evaluated by the technicians as class j. Table 1 is called the error matrix or confusion matrix.<\/p>\n\n\n\n<h4 class=\"wp-block-heading\">Table 1: Generic sample error matrix<\/h4>\n\n\n\n<figure class=\"wp-block-image size-full\"><img decoding=\"async\" loading=\"lazy\" width=\"1024\" height=\"195\" src=\"https:\/\/bolivia.mapbiomas.org\/wp-content\/uploads\/sites\/15\/2024\/05\/image12-1.png\" alt=\"\" class=\"wp-image-414\" srcset=\"https:\/\/bolivia.mapbiomas.org\/wp-content\/uploads\/sites\/15\/2024\/05\/image12-1.png 854w, https:\/\/bolivia.mapbiomas.org\/wp-content\/uploads\/sites\/15\/2024\/05\/image12-1-300x54.png 300w, https:\/\/bolivia.mapbiomas.org\/wp-content\/uploads\/sites\/15\/2024\/05\/image12-1-768x138.png 768w, https:\/\/bolivia.mapbiomas.org\/wp-content\/uploads\/sites\/15\/2024\/05\/image12-1-18x3.png 18w\" sizes=\"(max-width: 1024px) 100vw, 1024px\" \/><\/figure>\n\n\n\n<p>From the results in Table 1, the sample proportions in each cell of the table are estimated by <img decoding=\"async\" loading=\"lazy\" width=\"104\" height=\"39\" class=\"wp-image-413\" style=\"width: 104px;\" src=\"https:\/\/bolivia.mapbiomas.org\/wp-content\/uploads\/sites\/15\/2024\/05\/image3.png\" alt=\"\" srcset=\"https:\/\/bolivia.mapbiomas.org\/wp-content\/uploads\/sites\/15\/2024\/05\/image3.png 104w, https:\/\/bolivia.mapbiomas.org\/wp-content\/uploads\/sites\/15\/2024\/05\/image3-18x7.png 18w\" sizes=\"(max-width: 104px) 100vw, 104px\" \/> <img decoding=\"async\" loading=\"lazy\" width=\"34\" height=\"19\" class=\"wp-image-412\" style=\"width: 34px;\" src=\"https:\/\/bolivia.mapbiomas.org\/wp-content\/uploads\/sites\/15\/2024\/05\/image4.png\" alt=\"\" srcset=\"https:\/\/bolivia.mapbiomas.org\/wp-content\/uploads\/sites\/15\/2024\/05\/image4.png 34w, https:\/\/bolivia.mapbiomas.org\/wp-content\/uploads\/sites\/15\/2024\/05\/image4-18x10.png 18w\" sizes=\"(max-width: 34px) 100vw, 34px\" \/>. The matrix of values <img decoding=\"async\" loading=\"lazy\" width=\"24\" height=\"20\" class=\"wp-image-411\" style=\"width: 24px;\" src=\"https:\/\/bolivia.mapbiomas.org\/wp-content\/uploads\/sites\/15\/2024\/05\/image6.png\" alt=\"\" srcset=\"https:\/\/bolivia.mapbiomas.org\/wp-content\/uploads\/sites\/15\/2024\/05\/image6.png 24w, https:\/\/bolivia.mapbiomas.org\/wp-content\/uploads\/sites\/15\/2024\/05\/image6-14x12.png 14w\" sizes=\"(max-width: 24px) 100vw, 24px\" \/> &nbsp;is then used to generate:<\/p>\n\n\n\n<ol>\n<li>User precision: estimates of the fractions of pixels in the mapping, for each class, classified correctly. User precision is associated with an error of commission, which is the error made when assigning a pixel to class i, when it belongs to another class. The user precision for class i is estimated by <img decoding=\"async\" loading=\"lazy\" width=\"75\" height=\"21\" class=\"wp-image-410\" style=\"width: 75px;\" src=\"https:\/\/bolivia.mapbiomas.org\/wp-content\/uploads\/sites\/15\/2024\/05\/image7.png\" alt=\"\" srcset=\"https:\/\/bolivia.mapbiomas.org\/wp-content\/uploads\/sites\/15\/2024\/05\/image7.png 75w, https:\/\/bolivia.mapbiomas.org\/wp-content\/uploads\/sites\/15\/2024\/05\/image7-18x5.png 18w\" sizes=\"(max-width: 75px) 100vw, 75px\" \/> and the error of commission <img decoding=\"async\" loading=\"lazy\" width=\"43\" height=\"21\" class=\"wp-image-409\" style=\"width: 43px;\" src=\"https:\/\/bolivia.mapbiomas.org\/wp-content\/uploads\/sites\/15\/2024\/05\/image8.png\" alt=\"\" srcset=\"https:\/\/bolivia.mapbiomas.org\/wp-content\/uploads\/sites\/15\/2024\/05\/image8.png 43w, https:\/\/bolivia.mapbiomas.org\/wp-content\/uploads\/sites\/15\/2024\/05\/image8-18x9.png 18w\" sizes=\"(max-width: 43px) 100vw, 43px\" \/>. These metrics are associated with the reliability of each assigned class.<\/li>\n\n\n\n<li>Producer Accuracy: These are the sample fractions of pixels from each class correctly assigned to their classes by the classifiers. Producer precision is associated with the omission error, which occurs when we cannot assign a pixel of class j correctly. The producer precision for class j is estimated by<img decoding=\"async\" loading=\"lazy\" width=\"73\" height=\"23\" class=\"wp-image-408\" style=\"width: 73px;\" src=\"https:\/\/bolivia.mapbiomas.org\/wp-content\/uploads\/sites\/15\/2024\/05\/image9.png\" alt=\"\" srcset=\"https:\/\/bolivia.mapbiomas.org\/wp-content\/uploads\/sites\/15\/2024\/05\/image9.png 73w, https:\/\/bolivia.mapbiomas.org\/wp-content\/uploads\/sites\/15\/2024\/05\/image9-18x6.png 18w\" sizes=\"(max-width: 73px) 100vw, 73px\" \/> and the error of omission <img decoding=\"async\" loading=\"lazy\" width=\"45\" height=\"22\" class=\"wp-image-425\" style=\"width: 45px;\" src=\"https:\/\/bolivia.mapbiomas.org\/wp-content\/uploads\/sites\/15\/2024\/05\/image10.png\" alt=\"\" srcset=\"https:\/\/bolivia.mapbiomas.org\/wp-content\/uploads\/sites\/15\/2024\/05\/image10.png 45w, https:\/\/bolivia.mapbiomas.org\/wp-content\/uploads\/sites\/15\/2024\/05\/image10-18x9.png 18w\" sizes=\"(max-width: 45px) 100vw, 45px\" \/>. These metrics are associated with the sensitivity of the classifier, that is, the ability to correctly distinguish a particular class from others.<\/li>\n\n\n\n<li>Global precision: It is the estimate of the global correctness proportion of the classifiers. The estimate is given by <img decoding=\"async\" loading=\"lazy\" width=\"69\" height=\"39\" class=\"wp-image-424\" style=\"width: 69px;\" src=\"https:\/\/bolivia.mapbiomas.org\/wp-content\/uploads\/sites\/15\/2024\/05\/image12.png\" alt=\"\" srcset=\"https:\/\/bolivia.mapbiomas.org\/wp-content\/uploads\/sites\/15\/2024\/05\/image12.png 69w, https:\/\/bolivia.mapbiomas.org\/wp-content\/uploads\/sites\/15\/2024\/05\/image12-18x10.png 18w\" sizes=\"(max-width: 69px) 100vw, 69px\" \/>. The sum of the main diagonal of the proportions matrix. The complement of precision or the total error<img decoding=\"async\" loading=\"lazy\" width=\"52\" height=\"27\" class=\"wp-image-423\" style=\"width: 52px;\" src=\"https:\/\/bolivia.mapbiomas.org\/wp-content\/uploads\/sites\/15\/2024\/05\/image11.png\" alt=\"\" srcset=\"https:\/\/bolivia.mapbiomas.org\/wp-content\/uploads\/sites\/15\/2024\/05\/image11.png 52w, https:\/\/bolivia.mapbiomas.org\/wp-content\/uploads\/sites\/15\/2024\/05\/image11-18x9.png 18w\" sizes=\"(max-width: 52px) 100vw, 52px\" \/> still decomposes into area disagreement and assignment disagreement<a href=\"http:\/\/mapbiomas.org\/pages\/accuracy-analysis#e1\">1<\/a>. Area discrepancy measures the fraction of the error attributed to the amount of area incorrectly assigned to classes by the mapping, while assignment discrepancy to the proportion of displacement errors.<\/li>\n<\/ol>\n\n\n\n<p>The matrix also provides estimates of the different types of errors. For example, it is possible to see through these the estimate of the composition of the area of \u200b\u200beach assigned class. Therefore, in addition to the success rate of the class assigned as forest, for example, we also estimate what fraction of these areas may be grasslands or other land cover and use classes, per year. We understand that this level of transparency informs users and maximizes the mapping potential of various types of users.<\/p>\n\n\n\n<p>1- <a href=\"https:\/\/www.tandfonline.com\/doi\/abs\/10.1080\/01431161.2011.552923\">Pontius Jr, R. G., &amp; Millones, M. (2011). Death to Kappa: birth of quantity disagreement and allocation disagreement for accuracy assessment. International Journal of Remote Sensing, 32(15), 4407-4429.<\/a><\/p>\n\n\n\n<hr class=\"wp-block-separator has-alpha-channel-opacity\"\/>\n\n\n\n<h4 class=\"wp-block-heading\"><strong><strong>ABOUT THE GRAPHICS<\/strong><\/strong><\/h4>\n\n\n\n<h4 class=\"wp-block-heading\"><strong><strong>GENERAL STATISTICS<\/strong><\/strong><\/h4>\n\n\n\n<p>Show the average annual total precision and error decomposed into area and assignment disagreement.<img decoding=\"async\" loading=\"lazy\" width=\"1456\" height=\"483\" class=\"wp-image-422\" style=\"\" src=\"https:\/\/bolivia.mapbiomas.org\/wp-content\/uploads\/sites\/15\/2024\/05\/image15-1.png\" alt=\"\" srcset=\"https:\/\/bolivia.mapbiomas.org\/wp-content\/uploads\/sites\/15\/2024\/05\/image15-1.png 889w, https:\/\/bolivia.mapbiomas.org\/wp-content\/uploads\/sites\/15\/2024\/05\/image15-1-300x102.png 300w, https:\/\/bolivia.mapbiomas.org\/wp-content\/uploads\/sites\/15\/2024\/05\/image15-1-768x261.png 768w, https:\/\/bolivia.mapbiomas.org\/wp-content\/uploads\/sites\/15\/2024\/05\/image15-1-18x6.png 18w\" sizes=\"(max-width: 1456px) 100vw, 1456px\" \/><\/p>\n\n\n\n<h4 class=\"wp-block-heading\">Graph 1. Total annual precision graph<\/h4>\n\n\n\n<p>This graph shows the total precision and total error by year. The total error is broken down into area disagreement and assignment disagreement. Precision is plotted at the top and errors at the bottom of the graph.<\/p>\n\n\n\n<figure class=\"wp-block-image size-full\"><img decoding=\"async\" loading=\"lazy\" width=\"1024\" height=\"354\" src=\"https:\/\/bolivia.mapbiomas.org\/wp-content\/uploads\/sites\/15\/2024\/05\/image14-1.png\" alt=\"\" class=\"wp-image-421\" srcset=\"https:\/\/bolivia.mapbiomas.org\/wp-content\/uploads\/sites\/15\/2024\/05\/image14-1.png 887w, https:\/\/bolivia.mapbiomas.org\/wp-content\/uploads\/sites\/15\/2024\/05\/image14-1-300x90.png 300w, https:\/\/bolivia.mapbiomas.org\/wp-content\/uploads\/sites\/15\/2024\/05\/image14-1-768x229.png 768w, https:\/\/bolivia.mapbiomas.org\/wp-content\/uploads\/sites\/15\/2024\/05\/image14-1-18x5.png 18w\" sizes=\"(max-width: 1024px) 100vw, 1024px\" \/><\/figure>\n\n\n\n<h4 class=\"wp-block-heading\">Graph 2. Error matrix<\/h4>\n\n\n\n<p>This graph shows user precision, producer precision, and confusion between classes, for each year. The first shows the confusions of each assigned class. The second shows the confusions of each real class.<\/p>\n\n\n\n<figure class=\"wp-block-image size-full\"><img decoding=\"async\" loading=\"lazy\" width=\"1024\" height=\"576\" src=\"https:\/\/bolivia.mapbiomas.org\/wp-content\/uploads\/sites\/15\/2024\/05\/image18-1.png\" alt=\"\" class=\"wp-image-420\" srcset=\"https:\/\/bolivia.mapbiomas.org\/wp-content\/uploads\/sites\/15\/2024\/05\/image18-1.png 762w, https:\/\/bolivia.mapbiomas.org\/wp-content\/uploads\/sites\/15\/2024\/05\/image18-1-300x190.png 300w, https:\/\/bolivia.mapbiomas.org\/wp-content\/uploads\/sites\/15\/2024\/05\/image18-1-18x12.png 18w\" sizes=\"(max-width: 1024px) 100vw, 1024px\" \/><\/figure>\n\n\n\n<figure class=\"wp-block-image size-full\"><img decoding=\"async\" loading=\"lazy\" width=\"986\" height=\"661\" src=\"https:\/\/bolivia.mapbiomas.org\/wp-content\/uploads\/sites\/15\/2024\/05\/image17-1.png\" alt=\"\" class=\"wp-image-419\" srcset=\"https:\/\/bolivia.mapbiomas.org\/wp-content\/uploads\/sites\/15\/2024\/05\/image17-1.png 733w, https:\/\/bolivia.mapbiomas.org\/wp-content\/uploads\/sites\/15\/2024\/05\/image17-1-300x213.png 300w, https:\/\/bolivia.mapbiomas.org\/wp-content\/uploads\/sites\/15\/2024\/05\/image17-1-18x12.png 18w\" sizes=\"(max-width: 986px) 100vw, 986px\" \/><\/figure>\n\n\n\n<h4 class=\"wp-block-heading\">Graph 3. History of the class<\/h4>\n\n\n\n<p>This chart allows you to inspect confusions for a particular class over time. User and producer precision are shown for each class, along with confusions in each year.<\/p>\n\n\n\n<figure class=\"wp-block-image size-full\"><img decoding=\"async\" loading=\"lazy\" width=\"1024\" height=\"575\" src=\"https:\/\/bolivia.mapbiomas.org\/wp-content\/uploads\/sites\/15\/2024\/05\/image16-1.png\" alt=\"\" class=\"wp-image-418\" srcset=\"https:\/\/bolivia.mapbiomas.org\/wp-content\/uploads\/sites\/15\/2024\/05\/image16-1.png 656w, https:\/\/bolivia.mapbiomas.org\/wp-content\/uploads\/sites\/15\/2024\/05\/image16-1-300x149.png 300w, https:\/\/bolivia.mapbiomas.org\/wp-content\/uploads\/sites\/15\/2024\/05\/image16-1-18x9.png 18w\" sizes=\"(max-width: 1024px) 100vw, 1024px\" \/><\/figure>\n\n\n\n<figure class=\"wp-block-image size-full\"><img decoding=\"async\" loading=\"lazy\" width=\"1024\" height=\"567\" src=\"https:\/\/bolivia.mapbiomas.org\/wp-content\/uploads\/sites\/15\/2024\/05\/image13-1.png\" alt=\"\" class=\"wp-image-417\" srcset=\"https:\/\/bolivia.mapbiomas.org\/wp-content\/uploads\/sites\/15\/2024\/05\/image13-1.png 656w, https:\/\/bolivia.mapbiomas.org\/wp-content\/uploads\/sites\/15\/2024\/05\/image13-1-300x135.png 300w, https:\/\/bolivia.mapbiomas.org\/wp-content\/uploads\/sites\/15\/2024\/05\/image13-1-18x8.png 18w\" sizes=\"(max-width: 1024px) 100vw, 1024px\" \/><\/figure>\n\n\n\n<p><\/p>","protected":false},"excerpt":{"rendered":"<p>El an\u00e1lisis de precisi\u00f3n de la Colecci\u00f3n 2.0 de MapBiomas Bolivia est\u00e1 en desarrollo. Por el momento se ha realizado una evaluaci\u00f3n de la Colecci\u00f3n 1.0 de Mapbiomas Bolivia. ACCESO AL PANEL DE ESTAD\u00cdSTICAS DE LA COLECCI\u00d3N 1.0 ESTIMACIONES DE LA PRECISI\u00d3N DEL MAPEO DE LA COBERTURA DEL SUELO POR EL PROYECTO MAPBIOMAS El an\u00e1lisis [&hellip;]<\/p>","protected":false},"author":2,"featured_media":0,"parent":0,"menu_order":0,"comment_status":"closed","ping_status":"closed","template":"","meta":{"_uag_custom_page_level_css":""},"acf":[],"uagb_featured_image_src":{"full":false,"thumbnail":false,"medium":false,"medium_large":false,"large":false,"1536x1536":false,"2048x2048":false,"trp-custom-language-flag":false,"infographic":false,"team":false},"uagb_author_info":{"display_name":"Adriel Fernandes","author_link":"https:\/\/bolivia.mapbiomas.org\/en\/author\/adriel-fernandes\/"},"uagb_comment_info":0,"uagb_excerpt":"El an\u00e1lisis de precisi\u00f3n de la Colecci\u00f3n 2.0 de MapBiomas Bolivia est\u00e1 en desarrollo. Por el momento se ha realizado una evaluaci\u00f3n de la Colecci\u00f3n 1.0 de Mapbiomas Bolivia. ACCESO AL PANEL DE ESTAD\u00cdSTICAS DE LA COLECCI\u00d3N 1.0 ESTIMACIONES DE LA PRECISI\u00d3N DEL MAPEO DE LA COBERTURA DEL SUELO POR EL PROYECTO MAPBIOMAS El an\u00e1lisis&hellip;","_links":{"self":[{"href":"https:\/\/bolivia.mapbiomas.org\/en\/wp-json\/wp\/v2\/pages\/406"}],"collection":[{"href":"https:\/\/bolivia.mapbiomas.org\/en\/wp-json\/wp\/v2\/pages"}],"about":[{"href":"https:\/\/bolivia.mapbiomas.org\/en\/wp-json\/wp\/v2\/types\/page"}],"author":[{"embeddable":true,"href":"https:\/\/bolivia.mapbiomas.org\/en\/wp-json\/wp\/v2\/users\/2"}],"replies":[{"embeddable":true,"href":"https:\/\/bolivia.mapbiomas.org\/en\/wp-json\/wp\/v2\/comments?post=406"}],"version-history":[{"count":12,"href":"https:\/\/bolivia.mapbiomas.org\/en\/wp-json\/wp\/v2\/pages\/406\/revisions"}],"predecessor-version":[{"id":776,"href":"https:\/\/bolivia.mapbiomas.org\/en\/wp-json\/wp\/v2\/pages\/406\/revisions\/776"}],"wp:attachment":[{"href":"https:\/\/bolivia.mapbiomas.org\/en\/wp-json\/wp\/v2\/media?parent=406"}],"curies":[{"name":"wp","href":"https:\/\/api.w.org\/{rel}","templated":true}]}}