{"id":611,"date":"2024-07-19T19:54:47","date_gmt":"2024-07-19T19:54:47","guid":{"rendered":"https:\/\/bolivia.mapbiomas.org\/?page_id=611"},"modified":"2024-07-22T12:06:14","modified_gmt":"2024-07-22T12:06:14","slug":"6o-edicion-del-premio-mapbiomas","status":"publish","type":"page","link":"https:\/\/bolivia.mapbiomas.org\/en\/6o-edicion-del-premio-mapbiomas\/","title":{"rendered":"6th edition of the MapBiomas award"},"content":{"rendered":"<style>\n@import url('https:\/\/fonts.googleapis.com\/css2?family=Montserrat:ital,wght@0,100;0,200;0,300;0,400;0,500;0,600;0,700;0,800;0,900;1,100;1,200;1,300;1,400;1,500;1,600;1,700;1,800;1,900&display=swap');\n\np {\n  margin-bottom: 2rem;\n}\n\nh2 {\n      font-weight: 600;\n    margin: 1em 0;\n}\n\nul {\n  list-style: none;\n}\n\n.award-buttons {\n  text-decoration: none !important;\n}\n\n.placing {\n  max-width: 106px;\n}\n\n.page__content.tab.awards {\n\t max-width: 970px !important;\n}\n @media screen and (max-width: 767px) {\n\t .page__content.tab.awards {\n\t\t padding: 1em !important;\n\t}\n}\n .awards-page {\n\t font-family: 'Montserrat', sans-serif;\n}\n .awards-page h2 {\n\t font-weight: 600;\n\t margin-bottom: 1em;\n}\n .awards-categories-list, .awards-list, .previous-editions {\n\t display: flex;\n\t justify-content: space-between;\n\t flex-wrap: wrap;\n}\n .awards-categories-list {\n\t flex-wrap: wrap;\n}\n @media screen and (max-width: 991px) {\n\t .awards-categories-list {\n\t\t justify-content: center;\n\t}\n\t .awards-categories-list--item {\n\t\t margin: 0 1em;\n\t}\n}\n .awards-categories-list--item {\n\t width: 250px;\n\t height: 329px;\n\t position: relative;\n\t margin-bottom: 1em;\n}\n .awards-categories-list--item img {\n\t position: absolute;\n\t top: 0;\n\t pointer-events: none;\n}\n .awards-categories-list--item img.upwards {\n\t position: absolute;\n\t bottom: 0;\n\t top: auto;\n}\n .awards-categories-list--item .transition-content-wrapper {\n\t overflow: hidden;\n\t position: relative;\n\t height: 100%;\n}\n .awards-categories-list--item .transition-content-wrapper__text {\n\t position: absolute;\n\t left: 15px;\n\t right: 15px;\n\t height: 177px;\n\t transition: all 0.3s ease-out;\n\t color: #fff;\n\t padding: 1em;\n\t font-size: 0.8em;\n}\n .awards-categories-list--item .transition-content-wrapper__text.upwards {\n\t bottom: -100%;\n}\n .awards-categories-list--item .transition-content-wrapper__text.downwards {\n\t top: -100%;\n}\n .awards-categories-list--item .transition-content-wrapper__text.general {\n\t background-color: #3b5e58;\n}\n .awards-categories-list--item .transition-content-wrapper__text.politics {\n\t background-color: #793f3e;\n}\n .awards-categories-list--item .transition-content-wrapper__text.deforestation {\n\t background-color: #48530d;\n}\n .awards-categories-list--item .transition-content-wrapper__text.teens {\n\t background-color: #857520;\n}\n .awards-categories-list--item .transition-content-wrapper__text.business {\n\t background-color: #783c20;\n}\n .awards-categories-list--item .transition-content-wrapper__text.schools {\n\t background-color: #453156;\n}\n .awards-categories-list--item .transition-content-wrapper:hover .transition-content-wrapper__text.upwards {\n\t bottom: 15px;\n}\n .awards-categories-list--item .transition-content-wrapper:hover .transition-content-wrapper__text.downwards {\n\t top: 15px;\n}\n @media screen and (max-width: 767px) {\n\t .awards-list {\n\t\t justify-content: center;\n\t}\n}\n .awards-list--item {\n\t width: 250px;\n\t height: 250px;\n\t margin-bottom: 1em;\n\t padding: 20px;\n\t display: flex;\n\t flex-direction: column;\n}\n .awards-list--item h6 {\n\t text-align: center;\n\t margin-bottom: 1em;\n}\n .awards-list--item__inner-list {\n\t display: flex;\n\t flex-direction: column;\n\t justify-content: center;\n\t flex-grow: 1;\n}\n .awards-list--item__inner-list--item {\n\t display: flex;\n\t margin-bottom: 1em;\n}\n .awards-list--item__inner-list--item .placing {\n\t display: flex;\n\t flex-direction: column;\n}\n .awards-list--item__inner-list--item .placing span {\n\t text-align: center;\n}\n .awards-list--item__inner-list--item .placing span:last-of-type {\n\t text-transform: uppercase;\n}\n .awards-list--item__inner-list--item .placing span:first-of-type {\n\t font-weight: 800;\n\t font-size: 1.5em;\n}\n .awards-list--item__inner-list--item .placing span:last-of-type {\n\t font-size: 0.9em;\n}\n .awards-list--item__inner-list--item .text {\n\t flex-grow: 1;\n\t display: flex;\n\t flex-direction: column;\n\t padding-left: 20px;\n}\n .awards-list--item__inner-list--item .text.single {\n\t text-align: center;\n\t padding: 0;\n}\n .awards-list--item__inner-list--item .text .tag {\n\t font-size: 12px;\n}\n .awards-list--item__inner-list--item .text .value {\n\t font-weight: 800;\n}\n .awards-list--item__inner-list--item .text.single .value {\n\t font-size: 1.5em;\n}\n .awards-list--item.winners {\n\t width: 100%;\n\t height: auto;\n\t background-position: bottom left;\n\t background-repeat: no-repeat;\n\t background-color: #fff;\n}\n .awards-list--item.winners .placing {\n\t min-width: 106px;\n\t justify-content: center;\n}\n @media screen and (max-width: 551px) {\n\t .previous-editions {\n\t\t justify-content: center;\n\t}\n\t .previous-editions--item {\n\t\t margin: 5px;\n\t}\n}\n .previous-editions--item {\n\t width: 180px;\n\t height: 180px;\n\t background-size: contain;\n\t margin-bottom: 1em;\n\t position: relative;\n}\n .previous-editions--item img {\n\t position: absolute;\n\t left: 7px;\n\t top: 2px;\n}\n .previous-editions--item span {\n\t position: absolute;\n\t right: 32px;\n\t bottom: 38px;\n\t color: #fff;\n\t font-size: 22px;\n}\n .award-buttons-container {\n\t display: flex;\n\t justify-content: space-around;\n\t margin-bottom: 2em;\n}\n @media screen and (max-width: 991px) {\n\t .award-buttons-container {\n\t\t flex-wrap: wrap;\n\t\t justify-content: center;\n\t}\n\t .award-buttons-container .award-buttons {\n\t\t margin: 5px;\n\t}\n}\n .award-buttons-container .award-buttons {\n\t color: #fff !important;\n\t width: 250px;\n\t display: block;\n\t padding: 15px;\n\t text-align: center;\n\t text-transform: uppercase;\n\t font-weight: 500 !important;\n\t background-image: linear-gradient(to right, #48486c, #767685);\n}\n .grid-item {\n\t float: left;\n\t width: 80px;\n\t height: 60px;\n\t border: 2px solid rgba(0, 0, 0, 0.5);\n}\n img {\n\t max-width: 100%;\n\t height: auto;\n\t vertical-align: middle;\n\t display: inline-block;\n}\n\/* Main CSS *\/\n .grid-wrapper > div {\n\t display: flex;\n\t justify-content: center;\n\t align-items: center;\n}\n .grid-wrapper > div > img {\n\t width: 100%;\n\t height: 100%;\n\t object-fit: cover;\n\t border-radius: 5px;\n}\n .grid-wrapper {\n\t display: grid;\n\t grid-gap: 10px;\n\t grid-template-columns: repeat(auto-fit, minmax(250px, 1fr));\n\t grid-auto-rows: 200px;\n\t grid-auto-flow: dense;\n}\n @media screen and (max-width: 495px) {\n\t .grid-wrapper {\n\t\t display: flex;\n\t\t flex-wrap: wrap;\n\t}\n}\n .grid-wrapper .wide {\n\t grid-column: span 2;\n}\n .grid-wrapper .tall {\n\t grid-row: span 2;\n}\n .grid-wrapper .big {\n\t grid-column: span 2;\n\t grid-row: span 2;\n}\n .winner-wrapper {\n\t position: relative;\n\t overflow: hidden;\n}\n .winner-wrapper img {\n\t border-radius: 0 !important;\n}\n .winner-wrapper__text {\n\t position: absolute;\n\t height: 100%;\n\t width: 100%;\n\t bottom: -100%;\n\t color: #fff;\n\t transition: all 0.3s ease-out;\n\t display: flex;\n\t flex-direction: column;\n\t padding: 1em;\n\t justify-content: end;\n\t background-color: #48486cb3;\n}\n .winner-wrapper__text span:first-of-type {\n\t font-weight: 800;\n}\n .winner-wrapper:hover .winner-wrapper__text {\n\t bottom: 0;\n}\n \n<\/style>\n          <h2>Registrations extended until April 22nd<\/h2>\n<p>\n Registrations for the 6th Edition of the MapBiomas Award have been extended until April 22nd (Monday). In partnership with the Instituto Ci\u00eancia Hoje, the award aims to stimulate applications and works that use data from any MapBiomas module or initiative, including initiatives from other countries, and from different products, such as MapBiomas Alert, MapBiomas Fire, MapBiomas Water, MapBiomas Soil.\n<\/p>\n<p>\n  The projects can compete in 6 categories: General, Youth, Outstanding Applications in Public Policies, Outstanding Applications in Business, Applications in Schools, and Actions against Deforestation.\n<\/p>\n<p>\n MapBiomas will award 8 (eight) projects that explore the use and applications of data from any initiative, module, and products of MapBiomas, totaling R$ 80,000 in prizes. To learn more about the initiatives, please visit: <strong><a href=\"https:\/\/brasil.mapbiomas.org\/iniciativas-mapbiomas\/\">brasil.mapbiomas.org\/iniciativas-mapbiomas<\/a><\/strong>.\n<\/p>\n<p>Each awarded project will also receive an annual subscription to the Digital Science Today Magazine, along with a scholarship to attend a course on Satellite Image Geoprocessing using Google Earth Engine, offered by Solved, and the production of a short video (up to 2 minutes) about the winning project.\n<\/p>\n\n        <p>Registrations are free and can be made until April 22, 2024. Access the notice to learn more.<\/p>\n      \n            <h2>Discover the categories<\/h2>\n      <ul class=\"awards-categories-list\">\n        <li>\n          <div class=\"awards-categories-list--item\">\n            <img decoding=\"async\" src=\"https:\/\/brasil.mapbiomas.org\/wp-content\/uploads\/sites\/4\/2023\/08\/bg_cat_gerais-14d4a7a147330ef584d292a4375717b6ad146738144d7c2fbde020a38663b7b3.png\">\n            <div class=\"transition-content-wrapper\">\n              <div class=\"transition-content-wrapper__text downwards general\" >\n                 Qualquer trabalho eleg\u00edvel ao Pr\u00eamio MapBiomas pode concorrer nesta categoria. Trabalhos submetidos nas demais categorias automaticamente tamb\u00e9m concorrem na Categoria Geral.\n              <\/div>\n            <\/div>\n          <\/div>\n          <div class=\"awards-categories-list--item\">\n            <img decoding=\"async\" class=\"upwards\" src=\"https:\/\/brasil.mapbiomas.org\/wp-content\/uploads\/sites\/4\/2023\/08\/bg_cat_jovem-e419a92f1908c190b158dace65d33553033edc0bcb92ad844a466f72c7f347e5.png\">\n\n            <div class=\"transition-content-wrapper\">\n              <div class=\"transition-content-wrapper__text upwards teens\" >\n              Apenas trabalhos cujo autor(a) tenha at\u00e9 30 anos e ainda n\u00e3o completou a gradua\u00e7\u00e3o ou se graduou ao longo de 2023.\n              <\/div>\n            <\/div>\n          <\/div>\n        <\/li>\n        <li>\n          <div class=\"awards-categories-list--item\">\n            <img decoding=\"async\" src=\"https:\/\/brasil.mapbiomas.org\/wp-content\/uploads\/sites\/4\/2023\/08\/bg_cat_politicas_publicas-f7f0191f3ee8317852a07b3b6285850943b552c3fa8391a2bfbbe76f1c02c4d9.png\">\n            <div class=\"transition-content-wrapper\">\n              <div class=\"transition-content-wrapper__text downwards politics\" >\n                Trabalhos que usem os dados de qualquer iniciativa do MapBiomas em projetos de pol\u00edticas p\u00fablicas.\n              <\/div>\n            <\/div>\n          <\/div>\n          <div class=\"awards-categories-list--item\">\n            <img decoding=\"async\" class=\"upwards\" src=\"https:\/\/brasil.mapbiomas.org\/wp-content\/uploads\/sites\/4\/2023\/08\/bg_cat_negocios-756dbbcba27bdd526be318f6c141d39a2c864a80af1ef18bf5e7256d711a6e3b.png\">\n            <div class=\"transition-content-wrapper\">\n              <div class=\"transition-content-wrapper__text upwards business\" >\n                Trabalhos que usem os dados de qualquer iniciativa do MapBiomas em neg\u00f3cios que contribuam para a conserva\u00e7\u00e3o e manejo sustent\u00e1vel dos recursos naturais.\n              <\/div>\n            <\/div>\n          <\/div>\n        <\/li>\n        <li>\n          <div class=\"awards-categories-list--item\" >\n            <img decoding=\"async\" src=\"https:\/\/brasil.mapbiomas.org\/wp-content\/uploads\/sites\/4\/2023\/08\/bg_cat_combate_desmatamento-27673c1442ef67b49f40e58ae3c93240b662f529f9b43804a22b633e3c7bf838.png\">\n            <div class=\"transition-content-wrapper\">\n              <div class=\"transition-content-wrapper__text downwards deforestation\">\n                Trabalhos que utilizem dados de qualquer iniciativa do MapBiomas para subsidiar a\u00e7\u00f5es de redu\u00e7\u00e3o, combate e fiscaliza\u00e7\u00e3o do desmatamento.\n              <\/div>\n            <\/div>\n          <\/div>\n          <div class=\"awards-categories-list--item\">\n            <img decoding=\"async\" class=\"upwards\" src=\"https:\/\/brasil.mapbiomas.org\/wp-content\/uploads\/sites\/4\/2023\/08\/bg_cat_escolas-270a10e8fdbf82232d47b4964028a273a1daf4752859449272e5d6628f8864c2.png\">\n            <div class=\"transition-content-wrapper\">\n              <div class=\"transition-content-wrapper__text upwards schools\">\n                Trabalhos que utilizem os dados de qualquer iniciativa do MapBiomas na educa\u00e7\u00e3o b\u00e1sica (ensino infantil, fundamental ou m\u00e9dio), como por exemplo, em materiais did\u00e1ticos, aulas e outras atividades curriculares e extracurriculares ou recursos did\u00e1ticos nas escolas.\n              <\/div>\n            <\/div>\n          <\/div>\n        <\/li>\n      <\/ul>\n      <h2>Award<\/h2>\n      <p>Awards for each category were distributed as follows:<\/p>\n      <ul class=\"awards-list\">\n        <li class=\"awards-list--item\" style=\"background-image: url(https:\/\/brasil.mapbiomas.org\/wp-content\/uploads\/sites\/4\/2023\/08\/bg_premiacao-e32d93dd024f3cca26352dacb6379a9e8dd58fc816b6772dc00ebd13930c05ca.png);\" >\n          <h6>Categoria Geral<\/h6>\n          <ul class=\"awards-list--item__inner-list\">\n            <li class=\"awards-list--item__inner-list--item\">\n              <span class=\"placing\">\n                <span>1\u00ba<\/span>\n                <span>Lugar<\/span>\n              <\/span>\n              <div class=\"text\">\n                <span class=\"tag\">Valor de<\/span>\n                <span class=\"value\">R$ 15.000,00<\/span>\n                <span class=\"tag\">Quinze mil reais<\/span>\n              <\/div>\n            <\/li>\n            <li class=\"awards-list--item__inner-list--item\">\n              <span class=\"placing\">\n                <span>2\u00ba<\/span>\n                <span>Lugar<\/span>\n              <\/span>\n              <div class=\"text\">\n                <span class=\"tag\">Valor de<\/span>\n                <span class=\"value\">R$ 10.000,00<\/span>\n                <span class=\"tag\">Dez mil reais<\/span>\n              <\/div>\n            <\/li>\n          <\/ul>\n        <\/li>\n        <li class=\"awards-list--item\" style=\"background-image: url(https:\/\/brasil.mapbiomas.org\/wp-content\/uploads\/sites\/4\/2023\/08\/bg_premiacao-e32d93dd024f3cca26352dacb6379a9e8dd58fc816b6772dc00ebd13930c05ca.png);\" >\n          <h6>Categoria Jovem<\/h6>\n          <ul class=\"awards-list--item__inner-list\">\n            <li class=\"awards-list--item__inner-list--item\">\n              <span class=\"placing\">\n                <span>1\u00ba<\/span>\n                <span>Lugar<\/span>\n              <\/span>\n              <div class=\"text\">\n                <span class=\"tag\">Valor de<\/span>\n                <span class=\"value\">R$ 10.000,00<\/span>\n                <span class=\"tag\">Dez mil reais<\/span>\n              <\/div>\n            <\/li>\n            <li class=\"awards-list--item__inner-list--item\">\n              <span class=\"placing\">\n                <span>2\u00ba<\/span>\n                <span>Lugar<\/span>\n              <\/span>\n              <div class=\"text\">\n                <span class=\"tag\">Valor de<\/span>\n                <span class=\"value\">R$ 5.000,00<\/span>\n                <span class=\"tag\">Cinco mil reais<\/span>\n              <\/div>\n            <\/li>\n          <\/ul>\n        <\/li>\n        <li class=\"awards-list--item\" style=\"background-image: url(https:\/\/brasil.mapbiomas.org\/wp-content\/uploads\/sites\/4\/2023\/08\/bg_premiacao-e32d93dd024f3cca26352dacb6379a9e8dd58fc816b6772dc00ebd13930c05ca.png);\" >\n          <h6>Destaque Aplica\u00e7\u00f5es em Pol\u00edticas P\u00fablicas<\/h6>\n          <ul class=\"awards-list--item__inner-list\">\n            <li class=\"awards-list--item__inner-list--item\">\n              <div class=\"text single\">\n                <span class=\"tag\">Valor de<\/span>\n                <span class=\"value\">R$ 10.000,00<\/span>\n                <span class=\"tag\">Dez mil reais<\/span>\n              <\/div>\n            <\/li>\n          <\/ul>\n        <\/li>\n        <li class=\"awards-list--item\" style=\"background-image: url(https:\/\/brasil.mapbiomas.org\/wp-content\/uploads\/sites\/4\/2023\/08\/bg_premiacao-e32d93dd024f3cca26352dacb6379a9e8dd58fc816b6772dc00ebd13930c05ca.png);\" >\n          <h6>Destaque Aplica\u00e7\u00f5es em Neg\u00f3cios<\/h6>\n          <ul class=\"awards-list--item__inner-list\">\n            <li class=\"awards-list--item__inner-list--item\">\n              <div class=\"text single\">\n                <span class=\"tag\">Valor de<\/span>\n                <span class=\"value\">R$ 10.000,00<\/span>\n                <span class=\"tag\">Dez mil reais<\/span>\n              <\/div>\n            <\/li>\n          <\/ul>\n        <\/li>\n        <li class=\"awards-list--item\" style=\"background-image: url(https:\/\/brasil.mapbiomas.org\/wp-content\/uploads\/sites\/4\/2023\/08\/bg_premiacao-e32d93dd024f3cca26352dacb6379a9e8dd58fc816b6772dc00ebd13930c05ca.png);\" >\n          <h6>Destaque Aplica\u00e7\u00f5es em Escolas<\/h6>\n          <ul class=\"awards-list--item__inner-list\">\n            <li class=\"awards-list--item__inner-list--item\">\n              <div class=\"text single\">\n                <span class=\"tag\">Valor de<\/span>\n                <span class=\"value\">R$ 10.000,00<\/span>\n                <span class=\"tag\">Dez mil reais<\/span>\n              <\/div>\n            <\/li>\n          <\/ul>\n        <\/li>\n        <li class=\"awards-list--item\" style=\"background-image: url(https:\/\/brasil.mapbiomas.org\/wp-content\/uploads\/sites\/4\/2023\/08\/bg_premiacao-e32d93dd024f3cca26352dacb6379a9e8dd58fc816b6772dc00ebd13930c05ca.png);\" >\n          <h6>A\u00e7\u00f5es de Combate ao Desmatamento<\/h6>\n          <ul class=\"awards-list--item__inner-list\">\n            <li class=\"awards-list--item__inner-list--item\">\n              <div class=\"text single\">\n                <span class=\"tag\">Valor de<\/span>\n                <span class=\"value\">R$ 10.000,00<\/span>\n                <span class=\"tag\">Dez mil reais<\/span>\n              <\/div>\n            <\/li>\n          <\/ul>\n        <\/li>\n      <\/ul>\n      <p>\n        All winners will be awarded an annual subscription to Revista Ci\u00eancia Hoje Digital, in addition to a scholarship to take a course on Geoprocessing of satellite images using Google Earth Engine promoted by Solved, and the production of a short video (up to 2 minutes ) about the winning work.\n      <\/p>\n      <div class=\"award-buttons-container\">\n        <a class=\"award-buttons\" href=\"https:\/\/brasil.mapbiomas.org\/wp-content\/uploads\/sites\/4\/2024\/02\/Edital-6a-Edicao-Premio-MapBiomas-2024-PT.pdf\">Edital<\/a>\n        <a class=\"award-buttons\" href=\"https:\/\/forms.gle\/cKbcQRzT9drkGeKq5\">inscri\u00e7\u00f5es<\/a>\n        <a class=\"award-buttons\" href=\"https:\/\/brasil.mapbiomas.org\/wp-content\/uploads\/sites\/4\/2024\/02\/6a-ED-PREMIO-MAPBIOMAS-PERGUNTAS-FREQUENTES-PT.docx-1.pdf\">faq<\/a>\n      <\/div>\n      <p>If you have any questions, please send an email to <a href=\"mailto:premio@mapbiomas.org\">premio@mapbiomas.org<\/a><\/p>\n      \n    <\/div>","protected":false},"excerpt":{"rendered":"<p>Inscripciones extendidas hasta el 22 de abril Las inscripciones para la 6.\u00aa edici\u00f3n del Premio MapBiomas se han extendido hasta el 22 de abril (lunes). En asociaci\u00f3n con el Instituto Ci\u00eancia Hoje, el premio tiene como objetivo estimular aplicaciones y trabajos que utilicen datos de cualquier m\u00f3dulo o iniciativa de MapBiomas, incluidas iniciativas de otros [&hellip;]<\/p>","protected":false},"author":2,"featured_media":0,"parent":0,"menu_order":0,"comment_status":"closed","ping_status":"closed","template":"","meta":{"_uag_custom_page_level_css":""},"acf":[],"uagb_featured_image_src":{"full":false,"thumbnail":false,"medium":false,"medium_large":false,"large":false,"1536x1536":false,"2048x2048":false,"trp-custom-language-flag":false,"infographic":false,"team":false},"uagb_author_info":{"display_name":"Adriel Fernandes","author_link":"https:\/\/bolivia.mapbiomas.org\/en\/author\/adriel-fernandes\/"},"uagb_comment_info":0,"uagb_excerpt":"Inscripciones extendidas hasta el 22 de abril Las inscripciones para la 6.\u00aa edici\u00f3n del Premio MapBiomas se han extendido hasta el 22 de abril (lunes). En asociaci\u00f3n con el Instituto Ci\u00eancia Hoje, el premio tiene como objetivo estimular aplicaciones y trabajos que utilicen datos de cualquier m\u00f3dulo o iniciativa de MapBiomas, incluidas iniciativas de otros&hellip;","_links":{"self":[{"href":"https:\/\/bolivia.mapbiomas.org\/en\/wp-json\/wp\/v2\/pages\/611"}],"collection":[{"href":"https:\/\/bolivia.mapbiomas.org\/en\/wp-json\/wp\/v2\/pages"}],"about":[{"href":"https:\/\/bolivia.mapbiomas.org\/en\/wp-json\/wp\/v2\/types\/page"}],"author":[{"embeddable":true,"href":"https:\/\/bolivia.mapbiomas.org\/en\/wp-json\/wp\/v2\/users\/2"}],"replies":[{"embeddable":true,"href":"https:\/\/bolivia.mapbiomas.org\/en\/wp-json\/wp\/v2\/comments?post=611"}],"version-history":[{"count":2,"href":"https:\/\/bolivia.mapbiomas.org\/en\/wp-json\/wp\/v2\/pages\/611\/revisions"}],"predecessor-version":[{"id":619,"href":"https:\/\/bolivia.mapbiomas.org\/en\/wp-json\/wp\/v2\/pages\/611\/revisions\/619"}],"wp:attachment":[{"href":"https:\/\/bolivia.mapbiomas.org\/en\/wp-json\/wp\/v2\/media?parent=611"}],"curies":[{"name":"wp","href":"https:\/\/api.w.org\/{rel}","templated":true}]}}