{"id":81,"date":"2023-08-02T16:32:31","date_gmt":"2023-08-02T16:32:31","guid":{"rendered":"https:\/\/staging-bolivia.mapbiomas.org\/?page_id=81"},"modified":"2025-09-17T02:21:23","modified_gmt":"2025-09-17T02:21:23","slug":"quienes-somos","status":"publish","type":"page","link":"https:\/\/bolivia.mapbiomas.org\/en\/quienes-somos\/","title":{"rendered":"who we are"},"content":{"rendered":"<p><strong>MapBiomas Bolivia<\/strong> es una iniciativa colaborativa impulsada por una red en constante crecimiento de ONGs, universidades e institutos de investigaci\u00f3n. La red re\u00fane expertos en ecosistemas, uso del suelo, recursos h\u00eddricos, teledetecci\u00f3n, SIG y tecnolog\u00edas de datos para revelar las transformaciones territoriales del pa\u00eds a trav\u00e9s de la ciencia, con precisi\u00f3n, agilidad y calidad.<\/p>\n\n\n\n<p><strong>Co &#8211; creadores&nbsp;<\/strong><\/p>\n\n\n\n<ul>\n<li>Fundaci\u00f3n Amigos de la Naturaleza (FAN)<\/li>\n\n\n\n<li>Red Amaz\u00f3nica de Informaci\u00f3n Socioambiental Georreferenciada (RAISG)<\/li>\n\n\n\n<li>Museo de Historia Natural Noel Kempff Mercado (MHNNKM) &#8211; Universidad Aut\u00f3noma Gabriel Ren\u00e9 Moreno (UAGRM)<\/li>\n\n\n\n<li>Conservaci\u00f3n Amaz\u00f3nica (ACEAA)<\/li>\n\n\n\n<li>Tierra<\/li>\n\n\n\n<li>Wildlife Conservation Society (WCS)<\/li>\n\n\n\n<li>Instituto de Investigaciones Socio \u2013 Econ\u00f3mica (IISEC)<\/li>\n<\/ul>\n\n\n\n<p><strong>Technical collaboration:&nbsp;<\/strong><\/p>\n\n\n\n<p>Lapig<\/p>\n\n\n\n<p><strong>Colaboraci\u00f3n tecnol\u00f3gica:<\/strong><\/p>\n\n\n\n<p>Google<\/p>\n\n\n\n<p>Ecostage<\/p>\n\n\n\n<p><strong>Apoyo institucional&nbsp;<\/strong><\/p>\n\n\n\n<p>Fundaci\u00f3n Avina&nbsp;<\/p>\n\n\n\n<p><strong>Funders<\/strong><\/p>\n\n\n\n<p>Quadrature Climate Foundation<\/p>\n\n\n\n<p>Skoll Fundation<\/p>\n\n\n\n<p>Embassy of Sweden<\/p>\n\n\n\n<p>La Fundaci\u00f3n Gordon y Betty Moore<\/p>\n\n\n\n<p><strong>General Coordination of MapBiomas Bolivia&nbsp;<\/strong><\/p>\n\n\n\n<p>Sa\u00fal Cu\u00e9llar &#8211; Fundaci\u00f3n amigos de la naturaleza (FAN)<\/p>\n\n\n\n<p class=\" translation-block\">Haga <a href=\"https:\/\/bolivia.mapbiomas.org\/equipo\/\" target=\"_self\">Click here <\/a> to learn about the people who are part of MapBiomas Bolivia.<\/p>","protected":false},"excerpt":{"rendered":"<p>MapBiomas Bolivia es una iniciativa colaborativa impulsada por una red en constante crecimiento de ONGs, universidades e institutos de investigaci\u00f3n. La red re\u00fane expertos en ecosistemas, uso del suelo, recursos h\u00eddricos, teledetecci\u00f3n, SIG y tecnolog\u00edas de datos para revelar las transformaciones territoriales del pa\u00eds a trav\u00e9s de la ciencia, con precisi\u00f3n, agilidad y calidad. Co [&hellip;]<\/p>","protected":false},"author":2,"featured_media":0,"parent":0,"menu_order":0,"comment_status":"closed","ping_status":"closed","template":"","meta":{"_uag_custom_page_level_css":""},"acf":[],"uagb_featured_image_src":{"full":false,"thumbnail":false,"medium":false,"medium_large":false,"large":false,"1536x1536":false,"2048x2048":false,"trp-custom-language-flag":false,"infographic":false,"team":false},"uagb_author_info":{"display_name":"Adriel Fernandes","author_link":"https:\/\/bolivia.mapbiomas.org\/en\/author\/adriel-fernandes\/"},"uagb_comment_info":0,"uagb_excerpt":"MapBiomas Bolivia es una iniciativa colaborativa impulsada por una red en constante crecimiento de ONGs, universidades e institutos de investigaci\u00f3n. La red re\u00fane expertos en ecosistemas, uso del suelo, recursos h\u00eddricos, teledetecci\u00f3n, SIG y tecnolog\u00edas de datos para revelar las transformaciones territoriales del pa\u00eds a trav\u00e9s de la ciencia, con precisi\u00f3n, agilidad y calidad. Co&hellip;","_links":{"self":[{"href":"https:\/\/bolivia.mapbiomas.org\/en\/wp-json\/wp\/v2\/pages\/81"}],"collection":[{"href":"https:\/\/bolivia.mapbiomas.org\/en\/wp-json\/wp\/v2\/pages"}],"about":[{"href":"https:\/\/bolivia.mapbiomas.org\/en\/wp-json\/wp\/v2\/types\/page"}],"author":[{"embeddable":true,"href":"https:\/\/bolivia.mapbiomas.org\/en\/wp-json\/wp\/v2\/users\/2"}],"replies":[{"embeddable":true,"href":"https:\/\/bolivia.mapbiomas.org\/en\/wp-json\/wp\/v2\/comments?post=81"}],"version-history":[{"count":16,"href":"https:\/\/bolivia.mapbiomas.org\/en\/wp-json\/wp\/v2\/pages\/81\/revisions"}],"predecessor-version":[{"id":1045,"href":"https:\/\/bolivia.mapbiomas.org\/en\/wp-json\/wp\/v2\/pages\/81\/revisions\/1045"}],"wp:attachment":[{"href":"https:\/\/bolivia.mapbiomas.org\/en\/wp-json\/wp\/v2\/media?parent=81"}],"curies":[{"name":"wp","href":"https:\/\/api.w.org\/{rel}","templated":true}]}}