{"id":815,"date":"2025-06-05T12:48:46","date_gmt":"2025-06-05T12:48:46","guid":{"rendered":"https:\/\/bolivia.mapbiomas.org\/?page_id=815"},"modified":"2026-05-05T19:02:14","modified_gmt":"2026-05-05T19:02:14","slug":"premio-mapbiomas-bolivia","status":"publish","type":"page","link":"https:\/\/bolivia.mapbiomas.org\/en\/premio-mapbiomas-bolivia\/","title":{"rendered":"Primera Edici\u00f3n MapBiomas Bolivia"},"content":{"rendered":"<figure class=\"wp-block-image size-full\"><img decoding=\"async\" loading=\"lazy\" width=\"1024\" height=\"427\" src=\"https:\/\/bolivia.mapbiomas.org\/wp-content\/uploads\/sites\/15\/2025\/06\/PREMIOMB-1.jpg\" alt=\"\" class=\"wp-image-844\" srcset=\"https:\/\/bolivia.mapbiomas.org\/wp-content\/uploads\/sites\/15\/2025\/06\/PREMIOMB-1.jpg 1024w, https:\/\/bolivia.mapbiomas.org\/wp-content\/uploads\/sites\/15\/2025\/06\/PREMIOMB-1-300x125.jpg 300w, https:\/\/bolivia.mapbiomas.org\/wp-content\/uploads\/sites\/15\/2025\/06\/PREMIOMB-1-768x320.jpg 768w, https:\/\/bolivia.mapbiomas.org\/wp-content\/uploads\/sites\/15\/2025\/06\/PREMIOMB-1-18x8.jpg 18w\" sizes=\"(max-width: 1024px) 100vw, 1024px\" \/><\/figure>\n\n\n\n<p>La Primera Edici\u00f3n&nbsp;del Premio MapBiomas Bolivia es una iniciativa organizada por MapBiomas Bolivia y coordinada por la Fundaci\u00f3n Amigos de la Naturaleza (FAN). Su objetivo principal es fomentar, reconocer y difundir trabajos innovadores que utilicen los datos generados por MapBiomas para apoyar la conservaci\u00f3n de la naturaleza, el manejo sostenible de los recursos naturales y la lucha contra el cambio clim\u00e1tico.<\/p>\n\n\n\n<p><strong>La fecha l\u00edmite cerr\u00f3 el 30 de septiembre de 2025.<\/strong><\/p>\n\n\n\n<p>Te invitamos a consultar las bases y a postular tu trabajo<\/p>\n\n\n\n<div class=\"wp-block-uagb-container uagb-block-0e157697 default uagb-is-root-container\">\n<div class=\"wp-block-uagb-container uagb-block-d4984baa\">\n<div class=\"wp-block-uagb-container uagb-block-7d9430aa\">\n<div class=\"wp-block-buttons is-layout-flex\">\n<div class=\"wp-block-button has-custom-width wp-block-button__width-100 is-style-info\"><a class=\"wp-block-button__link wp-element-button\">Bases<\/a><\/div>\n<\/div>\n<a class=\"spectra-container-link-overlay\" rel=\"noopener\" href=\"https:\/\/bolivia.mapbiomas.org\/wp-content\/uploads\/sites\/15\/2025\/07\/1_Bases-Premio-MapBiomas-Bolivia-2025v2.pdf\"> <\/a><\/div>\n\n\n\n<div class=\"wp-block-uagb-container uagb-block-c84b1468\">\n<div class=\"wp-block-buttons is-layout-flex\">\n<div class=\"wp-block-button has-custom-width wp-block-button__width-100 is-style-info\"><a class=\"wp-block-button__link wp-element-button\">FAQ<\/a><\/div>\n<\/div>\n<a class=\"spectra-container-link-overlay\" rel=\"noopener\" href=\"https:\/\/bolivia.mapbiomas.org\/wp-content\/uploads\/sites\/15\/2025\/07\/2_Preguntas-Frecuentes_MB2025.pdf\"> <\/a><\/div>\n<\/div>\n<\/div>\n\n\n\n<p><\/p>\n\n\n\n<div class=\"wp-block-uagb-advanced-heading uagb-block-5bba8e6e\"><h2 class=\"uagb-heading-text\"><strong>Ganadores Categor\u00eda General\u00a0<\/strong><\/h2><\/div>\n\n\n\n<p><\/p>\n\n\n\n<div class=\"wp-block-uagb-advanced-heading uagb-block-31a32320\"><h3 class=\"uagb-heading-text\"><strong>Primer Lugar<\/strong><\/h3><\/div>\n\n\n\n<p>Lykke Andersen, Fabiana Argando\u00f1a, Carla Olmos, Diego Calder\u00f3n, Sebasti\u00e1n Miranda, \u00c1lvaro Mu\u00f1oz, Sergio Choque.&nbsp;<\/p>\n\n\n\n<p>Assessing CO\u2082 Emissions from Deforestation and Fires in Bolivia during 2010 &#8211; 2023<\/p>\n\n\n\n<div class=\"wp-block-uagb-advanced-heading uagb-block-77bede33\"><h3 class=\"uagb-heading-text\">Segundo Lugar&nbsp;<\/h3><\/div>\n\n\n\n<p>\u00c1lvaro Oliver Crespo Delgadillo.<\/p>\n\n\n\n<p>Din\u00e1mica de las zonas de recarga potencial de acu\u00edferos en la Cuenca del R\u00edo Rocha, Cochabamba &#8211; Bolivia: An\u00e1lisis multitemporal con el modelo EARLI y datos de MapBiomas (1985\u20132024)<\/p>\n\n\n\n<div class=\"wp-block-uagb-advanced-heading uagb-block-84eaa56d\"><h3 class=\"uagb-heading-text\">Menci\u00f3n honrosa&nbsp;<\/h3><\/div>\n\n\n\n<p>Edwin Calle Condori y Pamela Giovanna Aruquipa<\/p>\n\n\n\n<p>Miner\u00eda ilegal en el r\u00edo Madre de Dios: impactos sobre Madidi, Iturralde y comunidades ind\u00edgenas analizados con MapBiomas e Inteligencia Artificial<\/p>\n\n\n\n<p><\/p>\n\n\n\n<div class=\"wp-block-uagb-advanced-heading uagb-block-ff94536a\"><h2 class=\"uagb-heading-text\"><strong>Ganadores Categor\u00eda Joven\u00a0<\/strong><\/h2><\/div>\n\n\n\n<p><\/p>\n\n\n\n<div class=\"wp-block-uagb-advanced-heading uagb-block-72b7b42a\"><h3 class=\"uagb-heading-text\">Primer Lugar<\/h3><\/div>\n\n\n\n<p>Sergio Choque Sunagua y Carla Olmos<\/p>\n\n\n\n<p>Evaluaci\u00f3n de la efectividad de las \u00e1reas protegidas en Bolivia frente a la p\u00e9rdida de cobertura boscosa: un an\u00e1lisis mediante diferencias en diferencias seg\u00fan nivel de gesti\u00f3n y a\u00f1o de creaci\u00f3n<\/p>\n\n\n\n<div class=\"wp-block-uagb-advanced-heading uagb-block-e0c10bf2\"><h3 class=\"uagb-heading-text\">Segundo Lugar&nbsp;<\/h3><\/div>\n\n\n\n<p>Nicole Mendoza Maldonado<\/p>\n\n\n\n<p>Evaluaci\u00f3n del impacto de la deforestaci\u00f3n en la escorrent\u00eda superficial de la cuenca del r\u00edo Ichilo a trav\u00e9s de seguimiento multitemporal con modelaci\u00f3n hidrol\u00f3gica.<\/p>\n\n\n\n<div class=\"wp-block-uagb-advanced-heading uagb-block-557749f1\"><h3 class=\"uagb-heading-text\">Menci\u00f3n honrosa&nbsp;<\/h3><\/div>\n\n\n\n<p>\u00c1lvaro Mauricio Mu\u00f1oz Quisberth<\/p>\n\n\n\n<p>Valoraci\u00f3n econ\u00f3mica del servicio ecosist\u00e9mico de polinizaci\u00f3n en Bolivia.<\/p>","protected":false},"excerpt":{"rendered":"<p>La Primera Edici\u00f3n&nbsp;del Premio MapBiomas Bolivia es una iniciativa organizada por MapBiomas Bolivia y coordinada por la Fundaci\u00f3n Amigos de la Naturaleza (FAN). Su objetivo principal es fomentar, reconocer y difundir trabajos innovadores que utilicen los datos generados por MapBiomas para apoyar la conservaci\u00f3n de la naturaleza, el manejo sostenible de los recursos naturales y [&hellip;]<\/p>","protected":false},"author":26,"featured_media":0,"parent":0,"menu_order":0,"comment_status":"closed","ping_status":"closed","template":"","meta":{"_uag_custom_page_level_css":""},"acf":[],"uagb_featured_image_src":{"full":false,"thumbnail":false,"medium":false,"medium_large":false,"large":false,"1536x1536":false,"2048x2048":false,"trp-custom-language-flag":false,"infographic":false,"team":false},"uagb_author_info":{"display_name":"edegarbernardes","author_link":"https:\/\/bolivia.mapbiomas.org\/en\/author\/edegarbernardes\/"},"uagb_comment_info":0,"uagb_excerpt":"La Primera Edici\u00f3n&nbsp;del Premio MapBiomas Bolivia es una iniciativa organizada por MapBiomas Bolivia y coordinada por la Fundaci\u00f3n Amigos de la Naturaleza (FAN). Su objetivo principal es fomentar, reconocer y difundir trabajos innovadores que utilicen los datos generados por MapBiomas para apoyar la conservaci\u00f3n de la naturaleza, el manejo sostenible de los recursos naturales y&hellip;","_links":{"self":[{"href":"https:\/\/bolivia.mapbiomas.org\/en\/wp-json\/wp\/v2\/pages\/815"}],"collection":[{"href":"https:\/\/bolivia.mapbiomas.org\/en\/wp-json\/wp\/v2\/pages"}],"about":[{"href":"https:\/\/bolivia.mapbiomas.org\/en\/wp-json\/wp\/v2\/types\/page"}],"author":[{"embeddable":true,"href":"https:\/\/bolivia.mapbiomas.org\/en\/wp-json\/wp\/v2\/users\/26"}],"replies":[{"embeddable":true,"href":"https:\/\/bolivia.mapbiomas.org\/en\/wp-json\/wp\/v2\/comments?post=815"}],"version-history":[{"count":20,"href":"https:\/\/bolivia.mapbiomas.org\/en\/wp-json\/wp\/v2\/pages\/815\/revisions"}],"predecessor-version":[{"id":1096,"href":"https:\/\/bolivia.mapbiomas.org\/en\/wp-json\/wp\/v2\/pages\/815\/revisions\/1096"}],"wp:attachment":[{"href":"https:\/\/bolivia.mapbiomas.org\/en\/wp-json\/wp\/v2\/media?parent=815"}],"curies":[{"name":"wp","href":"https:\/\/api.w.org\/{rel}","templated":true}]}}