{"id":928,"date":"2025-07-21T21:48:15","date_gmt":"2025-07-21T21:48:15","guid":{"rendered":"https:\/\/bolivia.mapbiomas.org\/?page_id=928"},"modified":"2025-07-31T14:46:46","modified_gmt":"2025-07-31T14:46:46","slug":"capas","status":"publish","type":"page","link":"https:\/\/bolivia.mapbiomas.org\/en\/capas\/","title":{"rendered":"Capas"},"content":{"rendered":"<p>Descargue los shapefiles disponibles en la plataforma de mapas, seg\u00fan las respectivas fuentes y a\u00f1os de referencia.<\/p>\n\n\n\n<figure class=\"wp-block-table\"><table class=\"has-fixed-layout\"><tbody><tr><td><strong>L\u00edmites territoriales<\/strong><\/td><td><strong>Fuente<\/strong><\/td><td><strong>A\u00f1o<\/strong><\/td><td><strong>URL<\/strong><\/td><\/tr><tr><td>Bioma<\/td><td>FAN-RAISG<\/td><td>2024<\/td><td><a href=\"https:\/\/storage.googleapis.com\/mapbiomas-workspace\/TERRITORIES-STAGING\/PLATFORM\/BOLIVIA\/WORKSPACE\/BIOMES\/BIOMES_v3.zip\">Link<\/a><\/td><\/tr><tr><td>Pa\u00eds<\/td><td>IGM (ajustado por FAN-RAISG)<\/td><td>2022<\/td><td><a href=\"https:\/\/storage.googleapis.com\/mapbiomas-workspace\/TERRITORIES-STAGING\/PLATFORM\/BOLIVIA\/WORKSPACE\/POLITICAL_LEVEL_1\/POLITICAL_LEVEL_1_v3.zip\">Link<\/a><\/td><\/tr><tr><td>Departamento<\/td><td>IGM (ajustado por FAN-RAISG)<\/td><td>2022<\/td><td><a href=\"https:\/\/storage.googleapis.com\/mapbiomas-workspace\/TERRITORIES-STAGING\/PLATFORM\/BOLIVIA\/WORKSPACE\/POLITICAL_LEVEL_2\/POLITICAL_LEVEL_2_v3.zip\">Link<\/a><\/td><\/tr><tr><td>Municipio<\/td><td>IGM (ajustado por FAN-RAISG)<\/td><td>2022<\/td><td><a href=\"https:\/\/storage.googleapis.com\/mapbiomas-workspace\/TERRITORIES-STAGING\/PLATFORM\/BOLIVIA\/WORKSPACE\/POLITICAL_LEVEL_3\/POLITICAL_LEVEL_3_v2.zip\">Link<\/a><\/td><\/tr><tr><td>Cuenca hidrogr\u00e1fica nivel 1<\/td><td>VMMAyA (ajustado por FAN-RAISG)<\/td><td>2022<\/td><td><a href=\"https:\/\/storage.googleapis.com\/mapbiomas-workspace\/TERRITORIES-STAGING\/PLATFORM\/BOLIVIA\/WORKSPACE\/CH_LEVEL_1\/CH_LEVEL_1_v3.zip\">Link<\/a><\/td><\/tr><tr><td>Cuenca hidrogr\u00e1fica nivel 2<\/td><td>VMMAyA (ajustado por FAN-RAISG)<\/td><td>2022<\/td><td><a href=\"https:\/\/storage.googleapis.com\/mapbiomas-workspace\/TERRITORIES-STAGING\/PLATFORM\/BOLIVIA\/WORKSPACE\/CH_LEVEL_2\/CH_LEVEL_2_v3.zip\">Link<\/a><\/td><\/tr><tr><td><strong>Unidades de inter\u00e9s<\/strong><\/td><td><strong>Fuente<\/strong><\/td><td><strong>A\u00f1o<\/strong><\/td><td><strong>URL<\/strong><\/td><\/tr><tr><td>Territorio Ind\u00edgena Originario Campesino<\/td><td>INRA<\/td><td>2018<\/td><td><a href=\"https:\/\/storage.googleapis.com\/mapbiomas-workspace\/TERRITORIES-STAGING\/PLATFORM\/BOLIVIA\/WORKSPACE\/INDIGENOUS_TERRITORIES\/INDIGENOUS_TERRITORIES_v3.zip\">Link<\/a><\/td><\/tr><tr><td>\u00c1rea protegida Nacional<\/td><td>SERNAP<\/td><td>2024<\/td><td><a href=\"https:\/\/storage.googleapis.com\/mapbiomas-workspace\/TERRITORIES-STAGING\/PLATFORM\/BOLIVIA\/WORKSPACE\/PROTECTED_AREA\/PROTECTED_AREA_v3.zip\">Link<\/a><\/td><\/tr><tr><td>\u00c1rea protegida subnacional<\/td><td>FAN-RAISG<\/td><td>2024<\/td><td><a href=\"https:\/\/storage.googleapis.com\/mapbiomas-workspace\/TERRITORIES-STAGING\/PLATFORM\/BOLIVIA\/WORKSPACE\/PROTECTED_AREA_SUBNATIONAL\/PROTECTED_AREA_SUBNATIONAL_v3.zip\">Link<\/a><\/td><\/tr><tr><td>S\u00ectios Ramsar<\/td><td>WWF<\/td><td>2013<\/td><td><a href=\"https:\/\/storage.googleapis.com\/mapbiomas-workspace\/TERRITORIES-STAGING\/PLATFORM\/BOLIVIA\/WORKSPACE\/RAMSAR_SITES\/RAMSAR_SITES_v3.zip\">Link<\/a><\/td><\/tr><tr><td>Ecorregi\u00f3n<\/td><td>Ibisch et al.<\/td><td>2003<\/td><td><a href=\"https:\/\/storage.googleapis.com\/mapbiomas-workspace\/TERRITORIES-STAGING\/PLATFORM\/BOLIVIA\/WORKSPACE\/ECORREGION\/ECORREGION_v2.zip\">Link<\/a><\/td><\/tr><\/tbody><\/table><\/figure>","protected":false},"excerpt":{"rendered":"<p>Descargue los shapefiles disponibles en la plataforma de mapas, seg\u00fan las respectivas fuentes y a\u00f1os de referencia. L\u00edmites territoriales Fuente A\u00f1o URL Bioma FAN-RAISG 2024 Acceder Pa\u00eds IGM (ajustado por FAN-RAISG) 2022 Acceder Departamento IGM (ajustado por FAN-RAISG) 2022 Acceder Municipio IGM (ajustado por FAN-RAISG) 2022 Acceder Cuenca hidrogr\u00e1fica nivel 1 VMMAyA (ajustado por FAN-RAISG) [&hellip;]<\/p>","protected":false},"author":26,"featured_media":0,"parent":0,"menu_order":0,"comment_status":"closed","ping_status":"closed","template":"","meta":{"_uag_custom_page_level_css":""},"acf":[],"uagb_featured_image_src":{"full":false,"thumbnail":false,"medium":false,"medium_large":false,"large":false,"1536x1536":false,"2048x2048":false,"trp-custom-language-flag":false,"infographic":false,"team":false},"uagb_author_info":{"display_name":"edegarbernardes","author_link":"https:\/\/bolivia.mapbiomas.org\/en\/author\/edegarbernardes\/"},"uagb_comment_info":0,"uagb_excerpt":"Descargue los shapefiles disponibles en la plataforma de mapas, seg\u00fan las respectivas fuentes y a\u00f1os de referencia. L\u00edmites territoriales Fuente A\u00f1o URL Bioma FAN-RAISG 2024 Acceder Pa\u00eds IGM (ajustado por FAN-RAISG) 2022 Acceder Departamento IGM (ajustado por FAN-RAISG) 2022 Acceder Municipio IGM (ajustado por FAN-RAISG) 2022 Acceder Cuenca hidrogr\u00e1fica nivel 1 VMMAyA (ajustado por FAN-RAISG)&hellip;","_links":{"self":[{"href":"https:\/\/bolivia.mapbiomas.org\/en\/wp-json\/wp\/v2\/pages\/928"}],"collection":[{"href":"https:\/\/bolivia.mapbiomas.org\/en\/wp-json\/wp\/v2\/pages"}],"about":[{"href":"https:\/\/bolivia.mapbiomas.org\/en\/wp-json\/wp\/v2\/types\/page"}],"author":[{"embeddable":true,"href":"https:\/\/bolivia.mapbiomas.org\/en\/wp-json\/wp\/v2\/users\/26"}],"replies":[{"embeddable":true,"href":"https:\/\/bolivia.mapbiomas.org\/en\/wp-json\/wp\/v2\/comments?post=928"}],"version-history":[{"count":3,"href":"https:\/\/bolivia.mapbiomas.org\/en\/wp-json\/wp\/v2\/pages\/928\/revisions"}],"predecessor-version":[{"id":1013,"href":"https:\/\/bolivia.mapbiomas.org\/en\/wp-json\/wp\/v2\/pages\/928\/revisions\/1013"}],"wp:attachment":[{"href":"https:\/\/bolivia.mapbiomas.org\/en\/wp-json\/wp\/v2\/media?parent=928"}],"curies":[{"name":"wp","href":"https:\/\/api.w.org\/{rel}","templated":true}]}}