{"id":96,"date":"2023-08-02T16:36:02","date_gmt":"2023-08-02T16:36:02","guid":{"rendered":"https:\/\/staging-bolivia.mapbiomas.org\/?page_id=96"},"modified":"2026-02-19T16:42:30","modified_gmt":"2026-02-19T16:42:30","slug":"estadisticas","status":"publish","type":"page","link":"https:\/\/bolivia.mapbiomas.org\/en\/estadisticas\/","title":{"rendered":"Statistics"},"content":{"rendered":"<p>Aqu\u00ed puede descargar la base de datos de estad\u00edsticas de MapBiomas Bolivia:<\/p>\n\n\n\n<p><strong>COLECCI\u00d3N 3:<\/strong><\/p>\n\n\n\n<ul>\n<li><a rel=\"noreferrer noopener\" href=\"https:\/\/storage.googleapis.com\/mapbiomas-public\/initiatives\/bolivia\/collection_3\/download\/Estadisticas_cobertura_uso_col3_Bolivia.xlsx\" target=\"_blank\">COBERTURA y TRANSICIONES:<\/a> Datos de \u00e1rea en hect\u00e1reas (ha) de cobertura y transiciones de uso de suelo por bioma, departamento y municipio desde 1985 a 2024.<\/li>\n<\/ul>\n\n\n\n<p><strong>COLECCI\u00d3N 2:<\/strong><\/p>\n\n\n\n<ul>\n<li><a rel=\"noreferrer noopener\" href=\"https:\/\/bolivia.mapbiomas.org\/wp-content\/uploads\/sites\/15\/2024\/09\/MB-Bolivia-2-Cobertura-y-transiciones.xlsx\" target=\"_blank\"><strong>LAND USE\/LAND COVER AND TRANSITIONS<\/strong><\/a><strong>:<\/strong> Surface data in hectares (ha) of land use coverage and transitions by biome, department and municipality from 1985 to 2023.<\/li>\n<\/ul>","protected":false},"excerpt":{"rendered":"<p>Aqu\u00ed puede descargar la base de datos de estad\u00edsticas de MapBiomas Bolivia: COLECCI\u00d3N 3: COLECCI\u00d3N 2:<\/p>","protected":false},"author":2,"featured_media":0,"parent":0,"menu_order":0,"comment_status":"closed","ping_status":"closed","template":"","meta":{"_uag_custom_page_level_css":""},"acf":[],"uagb_featured_image_src":{"full":false,"thumbnail":false,"medium":false,"medium_large":false,"large":false,"1536x1536":false,"2048x2048":false,"trp-custom-language-flag":false,"infographic":false,"team":false},"uagb_author_info":{"display_name":"Adriel Fernandes","author_link":"https:\/\/bolivia.mapbiomas.org\/en\/author\/adriel-fernandes\/"},"uagb_comment_info":0,"uagb_excerpt":"Aqu\u00ed puede descargar la base de datos de estad\u00edsticas de MapBiomas Bolivia: COLECCI\u00d3N 3: COLECCI\u00d3N 2:","_links":{"self":[{"href":"https:\/\/bolivia.mapbiomas.org\/en\/wp-json\/wp\/v2\/pages\/96"}],"collection":[{"href":"https:\/\/bolivia.mapbiomas.org\/en\/wp-json\/wp\/v2\/pages"}],"about":[{"href":"https:\/\/bolivia.mapbiomas.org\/en\/wp-json\/wp\/v2\/types\/page"}],"author":[{"embeddable":true,"href":"https:\/\/bolivia.mapbiomas.org\/en\/wp-json\/wp\/v2\/users\/2"}],"replies":[{"embeddable":true,"href":"https:\/\/bolivia.mapbiomas.org\/en\/wp-json\/wp\/v2\/comments?post=96"}],"version-history":[{"count":13,"href":"https:\/\/bolivia.mapbiomas.org\/en\/wp-json\/wp\/v2\/pages\/96\/revisions"}],"predecessor-version":[{"id":1075,"href":"https:\/\/bolivia.mapbiomas.org\/en\/wp-json\/wp\/v2\/pages\/96\/revisions\/1075"}],"wp:attachment":[{"href":"https:\/\/bolivia.mapbiomas.org\/en\/wp-json\/wp\/v2\/media?parent=96"}],"curies":[{"name":"wp","href":"https:\/\/api.w.org\/{rel}","templated":true}]}}