{"id":960,"date":"2025-07-23T14:22:29","date_gmt":"2025-07-23T14:22:29","guid":{"rendered":"https:\/\/bolivia.mapbiomas.org\/?page_id=960"},"modified":"2026-02-20T18:28:02","modified_gmt":"2026-02-20T18:28:02","slug":"acceda-a-los-atdbs","status":"publish","type":"page","link":"https:\/\/bolivia.mapbiomas.org\/en\/acceda-a-los-atdbs\/","title":{"rendered":"Acceda a los ATDBs"},"content":{"rendered":"<p id=\"block-6c8f58a3-5f29-4398-bf4e-ff4d7df24e2d\">El ATBD (Documento Base Te\u00f3rico de Algoritmos) describe el proceso de desarrollo y producci\u00f3n de los mapas y algoritmos utilizados en MapBiomas Bolivia.<\/p>\n\n\n\n<p id=\"block-71682a2b-01d5-426f-8cf8-478aa5153cc3\">El ATBD es un documento din\u00e1mico que se encuentra en constante actualizaci\u00f3n para agregar nueva informaci\u00f3n y aprendizajes.<\/p>\n\n\n\n<p id=\"block-a39f380e-d60b-47c5-833e-6e8d0d481998\">Existe un ATBD General de MapBiomas Bolivia con un conjunto de ap\u00e9ndices que detallan las metodolog\u00edas para la clasificaci\u00f3n de los temas transversales implementados. La metodolog\u00eda de dichos temas transversales ha sido elaborada gracias al trabajo de la RAISG en el \u00e1mbito amaz\u00f3nico y en algunos casos fue adaptada para poder replicarla al territorio boliviano en su conjunto. Estas adaptaciones adicionales fueron: la ampliaci\u00f3n del \u00e1rea de trabajo a otras regiones de mosaico; la integraci\u00f3n de muestras estables a partir de otras fuentes; y la inclusi\u00f3n de muestras complementarias.<\/p>\n\n\n\n<h4 class=\"wp-block-heading\" id=\"block-bd366ec3-927d-4621-a994-e0acdd7802a1\">ATBDs MAPBIOMAS BOLIVIA<\/h4>\n\n\n\n<p id=\"block-b27508a6-134b-42c6-af40-0d65d01f740b\"><a href=\"https:\/\/bolivia.mapbiomas.org\/wp-content\/uploads\/sites\/15\/2026\/02\/ATBD_General_MapBiomas_Bolivia_Col3_EN.pdf\" target=\"_blank\" rel=\"noreferrer noopener\">[DOCUMENTO GENERAL COLECCI\u00d3N 3]<\/a><\/p>\n\n\n\n<p><a rel=\"noreferrer noopener\" href=\"https:\/\/bolivia.mapbiomas.org\/wp-content\/uploads\/sites\/15\/2025\/07\/ATBD-AGUA-BOLIVIA-Col3.pdf\" target=\"_blank\">[DOCUMENTO AGUA COLECCI\u00d3N 3]<\/a><\/p>\n\n\n\n<h4 class=\"wp-block-heading\" id=\"block-9a4df4da-7c1f-41e9-8ec2-f1b395e0408f\">AP\u00c9NDICES&nbsp;<\/h4>\n\n\n\n<p id=\"block-a576f8e9-e610-4c9f-b4f9-d1e6310e71b0\">Para conocer los ATBD por tema transversal, acceda a los enlaces:<\/p>\n\n\n\n<p id=\"block-e74a994c-bfd2-4737-9264-3183c2e7dda1\"><a href=\"https:\/\/bolivia.mapbiomas.org\/wp-content\/uploads\/sites\/15\/2025\/07\/ATBD_Transversal_Urbano_Coleccion3_Bolivia_-_Col3_ES.pdf\" target=\"_blank\" rel=\"noreferrer noopener\">URBANO<\/a><\/p>\n\n\n\n<p id=\"block-7d5a7ace-8cda-44b6-9ac5-66c0872f9c7f\"><a href=\"https:\/\/bolivia.mapbiomas.org\/wp-content\/uploads\/sites\/15\/2025\/07\/ATBD_Transversal_Agropecuario_Bolivia_-_Col3_ES-1.pdf\" target=\"_blank\" rel=\"noreferrer noopener\">AGROPECUARIA<\/a><\/p>","protected":false},"excerpt":{"rendered":"<p>El ATBD (Documento Base Te\u00f3rico de Algoritmos) describe el proceso de desarrollo y producci\u00f3n de los mapas y algoritmos utilizados en MapBiomas Bolivia. El ATBD es un documento din\u00e1mico que se encuentra en constante actualizaci\u00f3n para agregar nueva informaci\u00f3n y aprendizajes. Existe un ATBD General de MapBiomas Bolivia con un conjunto de ap\u00e9ndices que detallan [&hellip;]<\/p>","protected":false},"author":26,"featured_media":0,"parent":0,"menu_order":0,"comment_status":"closed","ping_status":"closed","template":"","meta":{"_uag_custom_page_level_css":""},"acf":[],"uagb_featured_image_src":{"full":false,"thumbnail":false,"medium":false,"medium_large":false,"large":false,"1536x1536":false,"2048x2048":false,"trp-custom-language-flag":false,"infographic":false,"team":false},"uagb_author_info":{"display_name":"edegarbernardes","author_link":"https:\/\/bolivia.mapbiomas.org\/en\/author\/edegarbernardes\/"},"uagb_comment_info":0,"uagb_excerpt":"El ATBD (Documento Base Te\u00f3rico de Algoritmos) describe el proceso de desarrollo y producci\u00f3n de los mapas y algoritmos utilizados en MapBiomas Bolivia. El ATBD es un documento din\u00e1mico que se encuentra en constante actualizaci\u00f3n para agregar nueva informaci\u00f3n y aprendizajes. Existe un ATBD General de MapBiomas Bolivia con un conjunto de ap\u00e9ndices que detallan&hellip;","_links":{"self":[{"href":"https:\/\/bolivia.mapbiomas.org\/en\/wp-json\/wp\/v2\/pages\/960"}],"collection":[{"href":"https:\/\/bolivia.mapbiomas.org\/en\/wp-json\/wp\/v2\/pages"}],"about":[{"href":"https:\/\/bolivia.mapbiomas.org\/en\/wp-json\/wp\/v2\/types\/page"}],"author":[{"embeddable":true,"href":"https:\/\/bolivia.mapbiomas.org\/en\/wp-json\/wp\/v2\/users\/26"}],"replies":[{"embeddable":true,"href":"https:\/\/bolivia.mapbiomas.org\/en\/wp-json\/wp\/v2\/comments?post=960"}],"version-history":[{"count":5,"href":"https:\/\/bolivia.mapbiomas.org\/en\/wp-json\/wp\/v2\/pages\/960\/revisions"}],"predecessor-version":[{"id":1078,"href":"https:\/\/bolivia.mapbiomas.org\/en\/wp-json\/wp\/v2\/pages\/960\/revisions\/1078"}],"wp:attachment":[{"href":"https:\/\/bolivia.mapbiomas.org\/en\/wp-json\/wp\/v2\/media?parent=960"}],"curies":[{"name":"wp","href":"https:\/\/api.w.org\/{rel}","templated":true}]}}