{"id":99,"date":"2023-08-02T16:36:35","date_gmt":"2023-08-02T16:36:35","guid":{"rendered":"https:\/\/staging-bolivia.mapbiomas.org\/?page_id=99"},"modified":"2025-07-21T21:37:36","modified_gmt":"2025-07-21T21:37:36","slug":"descargas","status":"publish","type":"page","link":"https:\/\/bolivia.mapbiomas.org\/en\/descargas\/","title":{"rendered":"Downloads"},"content":{"rendered":"<p>Aqu\u00ed puede descargar mapas, datos estad\u00edsticos y acceder a los mosaicos de im\u00e1genes Landsat de la Colecci\u00f3n 3 de MapBiomas Bolivia.<\/p>\n\n\n\n<div style=\"height:33px\" aria-hidden=\"true\" class=\"wp-block-spacer\"><\/div>","protected":false},"excerpt":{"rendered":"<p>Aqu\u00ed puede descargar mapas, datos estad\u00edsticos y acceder a los mosaicos de im\u00e1genes Landsat de la Colecci\u00f3n 3 de MapBiomas Bolivia.<\/p>","protected":false},"author":2,"featured_media":0,"parent":0,"menu_order":0,"comment_status":"closed","ping_status":"closed","template":"page_download.php","meta":{"_uag_custom_page_level_css":""},"acf":[],"uagb_featured_image_src":{"full":false,"thumbnail":false,"medium":false,"medium_large":false,"large":false,"1536x1536":false,"2048x2048":false,"trp-custom-language-flag":false,"infographic":false,"team":false},"uagb_author_info":{"display_name":"Adriel Fernandes","author_link":"https:\/\/bolivia.mapbiomas.org\/en\/author\/adriel-fernandes\/"},"uagb_comment_info":0,"uagb_excerpt":"Aqu\u00ed puede descargar mapas, datos estad\u00edsticos y acceder a los mosaicos de im\u00e1genes Landsat de la Colecci\u00f3n 3 de MapBiomas Bolivia.","_links":{"self":[{"href":"https:\/\/bolivia.mapbiomas.org\/en\/wp-json\/wp\/v2\/pages\/99"}],"collection":[{"href":"https:\/\/bolivia.mapbiomas.org\/en\/wp-json\/wp\/v2\/pages"}],"about":[{"href":"https:\/\/bolivia.mapbiomas.org\/en\/wp-json\/wp\/v2\/types\/page"}],"author":[{"embeddable":true,"href":"https:\/\/bolivia.mapbiomas.org\/en\/wp-json\/wp\/v2\/users\/2"}],"replies":[{"embeddable":true,"href":"https:\/\/bolivia.mapbiomas.org\/en\/wp-json\/wp\/v2\/comments?post=99"}],"version-history":[{"count":4,"href":"https:\/\/bolivia.mapbiomas.org\/en\/wp-json\/wp\/v2\/pages\/99\/revisions"}],"predecessor-version":[{"id":925,"href":"https:\/\/bolivia.mapbiomas.org\/en\/wp-json\/wp\/v2\/pages\/99\/revisions\/925"}],"wp:attachment":[{"href":"https:\/\/bolivia.mapbiomas.org\/en\/wp-json\/wp\/v2\/media?parent=99"}],"curies":[{"name":"wp","href":"https:\/\/api.w.org\/{rel}","templated":true}]}}